{"id":639,"date":"2026-04-12T15:43:14","date_gmt":"2026-04-12T15:43:14","guid":{"rendered":"https:\/\/silk-pajamas.com\/16-momme-mulberry-silk-sleep-shorts-piped-black-manufacturer\/"},"modified":"2026-05-08T12:48:16","modified_gmt":"2026-05-08T12:48:16","slug":"16-momme-mulberry-silk-sleep-shorts-piped-black-manufacturer","status":"publish","type":"product","link":"https:\/\/silk-pajamas.com\/de\/16-momme-mulberry-silk-sleep-shorts-piped-black-manufacturer\/","title":{"rendered":"16 Momme Mulberry Silk Sleep Shorts Piped Schwarz Hersteller"},"content":{"rendered":"<p>Diese Schlafunterhose aus 16 momme Maulbeerseide ist atmungsaktiv, f\u00fchlt sich angenehm auf der Haut an und bietet elegante Bewegungsfreiheit. Die paspelierte Konstruktion und die schwarze Farbe sorgen f\u00fcr einen eleganten Look f\u00fcr unterwegs. Erh\u00e4ltlich in S, M, L, XL. Handw\u00e4sche kalt oder im Schonwaschgang.<\/p>","protected":false},"excerpt":{"rendered":"<p>16 Momme Mulberry Seiden-Schlafanz\u00fcge in Schwarz. Paspeliert, atmungsaktiv und in den Gr\u00f6\u00dfen S, M, L, XL erh\u00e4ltlich. Konzipiert f\u00fcr den Einsatz auf Reisen.<\/p>","protected":false},"featured_media":2340,"template":"","meta":{"_gspb_post_css":""},"product_brand":[],"product_cat":[26],"product_tag":[277,278,279],"class_list":{"0":"post-639","1":"product","2":"type-product","3":"status-publish","4":"has-post-thumbnail","6":"product_cat-silk-sleep-bottoms","7":"product_tag-16-momme-silk-sleep-pants-black","8":"product_tag-mulberry-silk-sleep-pants-piped","9":"product_tag-wholesale-silk-sleep-pants-for-travel-use","11":"first","12":"instock","13":"shipping-taxable","14":"purchasable","15":"product-type-simple"},"_links":{"self":[{"href":"https:\/\/silk-pajamas.com\/de\/wp-json\/wp\/v2\/product\/639","targetHints":{"allow":["GET"]}}],"collection":[{"href":"https:\/\/silk-pajamas.com\/de\/wp-json\/wp\/v2\/product"}],"about":[{"href":"https:\/\/silk-pajamas.com\/de\/wp-json\/wp\/v2\/types\/product"}],"wp:featuredmedia":[{"embeddable":true,"href":"https:\/\/silk-pajamas.com\/de\/wp-json\/wp\/v2\/media\/2340"}],"wp:attachment":[{"href":"https:\/\/silk-pajamas.com\/de\/wp-json\/wp\/v2\/media?parent=639"}],"wp:term":[{"taxonomy":"product_brand","embeddable":true,"href":"https:\/\/silk-pajamas.com\/de\/wp-json\/wp\/v2\/product_brand?post=639"},{"taxonomy":"product_cat","embeddable":true,"href":"https:\/\/silk-pajamas.com\/de\/wp-json\/wp\/v2\/product_cat?post=639"},{"taxonomy":"product_tag","embeddable":true,"href":"https:\/\/silk-pajamas.com\/de\/wp-json\/wp\/v2\/product_tag?post=639"}],"curies":[{"name":"wp","href":"https:\/\/api.w.org\/{rel}","templated":true}]}}