{"id":640,"date":"2026-04-12T15:43:14","date_gmt":"2026-04-12T15:43:14","guid":{"rendered":"https:\/\/silk-pajamas.com\/22-momme-crepe-silk-lounge-bottoms-drawstring-black\/"},"modified":"2026-05-08T12:50:55","modified_gmt":"2026-05-08T12:50:55","slug":"22-momme-crepe-silk-lounge-bottoms-drawstring-black","status":"publish","type":"product","link":"https:\/\/silk-pajamas.com\/de\/22-momme-crepe-silk-lounge-bottoms-drawstring-black\/","title":{"rendered":"22 Momme Krepp-Seiden-Lounge-Hose mit Kordelzug Schwarz"},"content":{"rendered":"<p>Diese Schlafhose aus 22-Momme-Kreppseide bietet einen weichen Fall, ein sanftes Hautgef\u00fchl und elegante Bewegungen. Die Kordelzugkonstruktion und die schwarze Farbe sorgen f\u00fcr einen eleganten Look f\u00fcr Frauen und M\u00e4nner. Erh\u00e4ltlich in Custom. Handw\u00e4sche kalt oder im Schonwaschgang.<\/p>","protected":false},"excerpt":{"rendered":"<p>22 Momme Crepe-Seiden-Schlafanz\u00fcge in Schwarz. Mit Kordelzug, weichem Fall und Gr\u00f6\u00dfenauswahl nach Ma\u00df. Entworfen f\u00fcr Frauen und M\u00e4nner.<\/p>","protected":false},"featured_media":2343,"template":"","meta":{"_gspb_post_css":""},"product_brand":[],"product_cat":[26],"product_tag":[280,281,282],"class_list":{"0":"post-640","1":"product","2":"type-product","3":"status-publish","4":"has-post-thumbnail","6":"product_cat-silk-sleep-bottoms","7":"product_tag-22-momme-silk-sleep-pants-black","8":"product_tag-crepe-silk-sleep-pants-drawstring","9":"product_tag-factory-silk-sleep-pants-for-women-and-men","11":"first","12":"instock","13":"shipping-taxable","14":"purchasable","15":"product-type-simple"},"_links":{"self":[{"href":"https:\/\/silk-pajamas.com\/de\/wp-json\/wp\/v2\/product\/640","targetHints":{"allow":["GET"]}}],"collection":[{"href":"https:\/\/silk-pajamas.com\/de\/wp-json\/wp\/v2\/product"}],"about":[{"href":"https:\/\/silk-pajamas.com\/de\/wp-json\/wp\/v2\/types\/product"}],"wp:featuredmedia":[{"embeddable":true,"href":"https:\/\/silk-pajamas.com\/de\/wp-json\/wp\/v2\/media\/2343"}],"wp:attachment":[{"href":"https:\/\/silk-pajamas.com\/de\/wp-json\/wp\/v2\/media?parent=640"}],"wp:term":[{"taxonomy":"product_brand","embeddable":true,"href":"https:\/\/silk-pajamas.com\/de\/wp-json\/wp\/v2\/product_brand?post=640"},{"taxonomy":"product_cat","embeddable":true,"href":"https:\/\/silk-pajamas.com\/de\/wp-json\/wp\/v2\/product_cat?post=640"},{"taxonomy":"product_tag","embeddable":true,"href":"https:\/\/silk-pajamas.com\/de\/wp-json\/wp\/v2\/product_tag?post=640"}],"curies":[{"name":"wp","href":"https:\/\/api.w.org\/{rel}","templated":true}]}}