{"id":641,"date":"2026-04-12T15:43:14","date_gmt":"2026-04-12T15:43:14","guid":{"rendered":"https:\/\/silk-pajamas.com\/25-momme-crepe-silk-sleep-shorts-piped-wine-wholesale\/"},"modified":"2026-05-08T12:54:19","modified_gmt":"2026-05-08T12:54:19","slug":"25-momme-crepe-silk-sleep-shorts-piped-wine-wholesale","status":"publish","type":"product","link":"https:\/\/silk-pajamas.com\/de\/25-momme-crepe-silk-sleep-shorts-piped-wine-wholesale\/","title":{"rendered":"25 Momme Crepe Seide Schlafshorts Paspeliert Wein Gro\u00dfhandel"},"content":{"rendered":"<p>Dieser Schlafsack ist aus 25 momme Kreppseide in einem Weinton gefertigt. Sie ist mit Paspeln versehen, hat ein weiches Handgef\u00fchl und einen bequemen Fall f\u00fcr die Reise. Das Modell ist in den Gr\u00f6\u00dfen XS, S, M, L, XL und XXL erh\u00e4ltlich und eignet sich gut f\u00fcr den Herbst, zum Verschenken und f\u00fcr den t\u00e4glichen Komfort. Kalt von Hand waschen oder im Schonwaschgang.<\/p>","protected":false},"excerpt":{"rendered":"<p>25 Momme Crepe-Seiden-Schlafanz\u00fcge in Wine. Paspelierte Verarbeitung, weicher Faltenwurf und Gr\u00f6\u00dfenauswahl XS, S, M, L, XL, XXL. F\u00fcr die Reise geeignet.<\/p>","protected":false},"featured_media":2349,"template":"","meta":{"_gspb_post_css":""},"product_brand":[],"product_cat":[26],"product_tag":[283,272,284],"class_list":{"0":"post-641","1":"product","2":"type-product","3":"status-publish","4":"has-post-thumbnail","6":"product_cat-silk-sleep-bottoms","7":"product_tag-25-momme-silk-sleep-pants-wine","8":"product_tag-crepe-silk-sleep-pants-piped","9":"product_tag-manufacturer-silk-sleep-pants-for-travel-use","11":"first","12":"instock","13":"shipping-taxable","14":"purchasable","15":"product-type-simple"},"_links":{"self":[{"href":"https:\/\/silk-pajamas.com\/de\/wp-json\/wp\/v2\/product\/641","targetHints":{"allow":["GET"]}}],"collection":[{"href":"https:\/\/silk-pajamas.com\/de\/wp-json\/wp\/v2\/product"}],"about":[{"href":"https:\/\/silk-pajamas.com\/de\/wp-json\/wp\/v2\/types\/product"}],"wp:featuredmedia":[{"embeddable":true,"href":"https:\/\/silk-pajamas.com\/de\/wp-json\/wp\/v2\/media\/2349"}],"wp:attachment":[{"href":"https:\/\/silk-pajamas.com\/de\/wp-json\/wp\/v2\/media?parent=641"}],"wp:term":[{"taxonomy":"product_brand","embeddable":true,"href":"https:\/\/silk-pajamas.com\/de\/wp-json\/wp\/v2\/product_brand?post=641"},{"taxonomy":"product_cat","embeddable":true,"href":"https:\/\/silk-pajamas.com\/de\/wp-json\/wp\/v2\/product_cat?post=641"},{"taxonomy":"product_tag","embeddable":true,"href":"https:\/\/silk-pajamas.com\/de\/wp-json\/wp\/v2\/product_tag?post=641"}],"curies":[{"name":"wp","href":"https:\/\/api.w.org\/{rel}","templated":true}]}}