{"id":642,"date":"2026-04-12T15:43:14","date_gmt":"2026-04-12T15:43:14","guid":{"rendered":"https:\/\/silk-pajamas.com\/16-momme-sandwashed-silk-sleep-shorts-pocketed-lilac\/"},"modified":"2026-05-08T12:55:50","modified_gmt":"2026-05-08T12:55:50","slug":"16-momme-sandwashed-silk-sleep-shorts-pocketed-lilac","status":"publish","type":"product","link":"https:\/\/silk-pajamas.com\/de\/16-momme-sandwashed-silk-sleep-shorts-pocketed-lilac\/","title":{"rendered":"16 Momme Sandwashed Silk Sleep Shorts Pocketed Lilac"},"content":{"rendered":"<p>Diese Schlafunterhose ist aus 16 momme sandgewaschener Seide in einem Fliederton gefertigt. Sie verf\u00fcgt \u00fcber Taschen, ein glattes Handgef\u00fchl und einen bequemen Fall f\u00fcr M\u00e4nner. Der Stil unterst\u00fctzt Gr\u00f6\u00dfen Custom und funktioniert gut f\u00fcr Herbst tragen, Geschenk-und t\u00e4glichen Komfort. Handw\u00e4sche kalt oder im Schonwaschgang.<\/p>","protected":false},"excerpt":{"rendered":"<p>16 Momme Sandwashed Seidenschlafanz\u00fcge in Flieder. Taschenverarbeitung, weicher Faltenwurf und Gr\u00f6\u00dfenauswahl Custom. Entworfen f\u00fcr M\u00e4nner.<\/p>","protected":false},"featured_media":2351,"template":"","meta":{"_gspb_post_css":""},"product_brand":[],"product_cat":[26],"product_tag":[285,286,287],"class_list":{"0":"post-642","1":"product","2":"type-product","3":"status-publish","4":"has-post-thumbnail","6":"product_cat-silk-sleep-bottoms","7":"product_tag-16-momme-silk-sleep-pants-lilac","8":"product_tag-sandwashed-silk-sleep-pants-pocketed","9":"product_tag-wholesale-silk-sleep-pants-for-men","11":"first","12":"instock","13":"featured","14":"shipping-taxable","15":"purchasable","16":"product-type-simple"},"_links":{"self":[{"href":"https:\/\/silk-pajamas.com\/de\/wp-json\/wp\/v2\/product\/642","targetHints":{"allow":["GET"]}}],"collection":[{"href":"https:\/\/silk-pajamas.com\/de\/wp-json\/wp\/v2\/product"}],"about":[{"href":"https:\/\/silk-pajamas.com\/de\/wp-json\/wp\/v2\/types\/product"}],"wp:featuredmedia":[{"embeddable":true,"href":"https:\/\/silk-pajamas.com\/de\/wp-json\/wp\/v2\/media\/2351"}],"wp:attachment":[{"href":"https:\/\/silk-pajamas.com\/de\/wp-json\/wp\/v2\/media?parent=642"}],"wp:term":[{"taxonomy":"product_brand","embeddable":true,"href":"https:\/\/silk-pajamas.com\/de\/wp-json\/wp\/v2\/product_brand?post=642"},{"taxonomy":"product_cat","embeddable":true,"href":"https:\/\/silk-pajamas.com\/de\/wp-json\/wp\/v2\/product_cat?post=642"},{"taxonomy":"product_tag","embeddable":true,"href":"https:\/\/silk-pajamas.com\/de\/wp-json\/wp\/v2\/product_tag?post=642"}],"curies":[{"name":"wp","href":"https:\/\/api.w.org\/{rel}","templated":true}]}}