{"id":650,"date":"2026-04-12T15:43:14","date_gmt":"2026-04-12T15:43:14","guid":{"rendered":"https:\/\/silk-pajamas.com\/19-momme-mulberry-silk-lounge-bottoms-ankle-length-silver\/"},"modified":"2026-05-08T13:06:02","modified_gmt":"2026-05-08T13:06:02","slug":"19-momme-mulberry-silk-lounge-bottoms-ankle-length-silver","status":"publish","type":"product","link":"https:\/\/silk-pajamas.com\/de\/19-momme-mulberry-silk-lounge-bottoms-ankle-length-silver\/","title":{"rendered":"19 Momme Mulberry Silk Lounge Bottoms Kn\u00f6chellang Silber"},"content":{"rendered":"<p>Diese kn\u00f6chellange Schlafhose aus 19 momme Maulbeerseide kombiniert Details mit weichem Glanz und atmungsaktivem Tragegef\u00fchl. Das silberne Finish verleiht ihr einen raffinierten Look, w\u00e4hrend die Gr\u00f6\u00dfen S, M, L, XL helfen, den Kernbedarf zu decken. Geeignet f\u00fcr M\u00e4nner und die Sommergarderobe. Handw\u00e4sche kalt oder im Schonwaschgang.<\/p>","protected":false},"excerpt":{"rendered":"<p>19 Momme Mulberry Seiden-Schlafanzug in Silber. Kn\u00f6chellang, leicht und in den Gr\u00f6\u00dfen S, M, L, XL erh\u00e4ltlich. Entworfen f\u00fcr M\u00e4nner.<\/p>","protected":false},"featured_media":2361,"template":"","meta":{"_gspb_post_css":""},"product_brand":[],"product_cat":[26],"product_tag":[303,297,304],"class_list":{"0":"post-650","1":"product","2":"type-product","3":"status-publish","4":"has-post-thumbnail","6":"product_cat-silk-sleep-bottoms","7":"product_tag-19-momme-silk-sleep-pants-silver","8":"product_tag-factory-silk-sleep-pants-for-men","9":"product_tag-mulberry-silk-sleep-pants-ankle-length","11":"first","12":"instock","13":"shipping-taxable","14":"purchasable","15":"product-type-simple"},"_links":{"self":[{"href":"https:\/\/silk-pajamas.com\/de\/wp-json\/wp\/v2\/product\/650","targetHints":{"allow":["GET"]}}],"collection":[{"href":"https:\/\/silk-pajamas.com\/de\/wp-json\/wp\/v2\/product"}],"about":[{"href":"https:\/\/silk-pajamas.com\/de\/wp-json\/wp\/v2\/types\/product"}],"wp:featuredmedia":[{"embeddable":true,"href":"https:\/\/silk-pajamas.com\/de\/wp-json\/wp\/v2\/media\/2361"}],"wp:attachment":[{"href":"https:\/\/silk-pajamas.com\/de\/wp-json\/wp\/v2\/media?parent=650"}],"wp:term":[{"taxonomy":"product_brand","embeddable":true,"href":"https:\/\/silk-pajamas.com\/de\/wp-json\/wp\/v2\/product_brand?post=650"},{"taxonomy":"product_cat","embeddable":true,"href":"https:\/\/silk-pajamas.com\/de\/wp-json\/wp\/v2\/product_cat?post=650"},{"taxonomy":"product_tag","embeddable":true,"href":"https:\/\/silk-pajamas.com\/de\/wp-json\/wp\/v2\/product_tag?post=650"}],"curies":[{"name":"wp","href":"https:\/\/api.w.org\/{rel}","templated":true}]}}