{"id":651,"date":"2026-04-12T15:43:15","date_gmt":"2026-04-12T15:43:15","guid":{"rendered":"https:\/\/silk-pajamas.com\/16-momme-sandwashed-silk-lounge-bottoms-ankle-length-ivory\/"},"modified":"2026-05-08T10:02:51","modified_gmt":"2026-05-08T10:02:51","slug":"16-momme-sandwashed-silk-lounge-bottoms-ankle-length-ivory","status":"publish","type":"product","link":"https:\/\/silk-pajamas.com\/de\/16-momme-sandwashed-silk-lounge-bottoms-ankle-length-ivory\/","title":{"rendered":"16 Momme Sandwich Silk Lounge Bottoms Kn\u00f6chellang Elfenbein"},"content":{"rendered":"<p>Diese kn\u00f6chellange Schlafhose aus 16 Momme-Sandwich-Seide kombiniert Details mit einem weichen Glanz und einem atmungsaktiven Gef\u00fchl. Das elfenbeinfarbene Finish verleiht ihr einen raffinierten Look, w\u00e4hrend die Gr\u00f6\u00dfe Custom hilft, den Kernbedarf zu decken. Geeignet f\u00fcr M\u00e4nner und f\u00fcr die ganze Saison Garderobe. Handw\u00e4sche kalt oder im Schonwaschgang.<\/p>","protected":false},"excerpt":{"rendered":"<p>16 Momme Sandwashed Seidenschlafanz\u00fcge in Elfenbein. Kn\u00f6chellange Ausf\u00fchrung, knitterfrei und in der Gr\u00f6\u00dfe Custom. Entworfen f\u00fcr M\u00e4nner.<\/p>","protected":false},"featured_media":2316,"template":"","meta":{"_gspb_post_css":""},"product_brand":[],"product_cat":[26],"product_tag":[305,297,306],"class_list":{"0":"post-651","1":"product","2":"type-product","3":"status-publish","4":"has-post-thumbnail","6":"product_cat-silk-sleep-bottoms","7":"product_tag-16-momme-silk-sleep-pants-ivory","8":"product_tag-factory-silk-sleep-pants-for-men","9":"product_tag-sandwashed-silk-sleep-pants-ankle-length","11":"first","12":"instock","13":"shipping-taxable","14":"purchasable","15":"product-type-simple"},"_links":{"self":[{"href":"https:\/\/silk-pajamas.com\/de\/wp-json\/wp\/v2\/product\/651","targetHints":{"allow":["GET"]}}],"collection":[{"href":"https:\/\/silk-pajamas.com\/de\/wp-json\/wp\/v2\/product"}],"about":[{"href":"https:\/\/silk-pajamas.com\/de\/wp-json\/wp\/v2\/types\/product"}],"wp:featuredmedia":[{"embeddable":true,"href":"https:\/\/silk-pajamas.com\/de\/wp-json\/wp\/v2\/media\/2316"}],"wp:attachment":[{"href":"https:\/\/silk-pajamas.com\/de\/wp-json\/wp\/v2\/media?parent=651"}],"wp:term":[{"taxonomy":"product_brand","embeddable":true,"href":"https:\/\/silk-pajamas.com\/de\/wp-json\/wp\/v2\/product_brand?post=651"},{"taxonomy":"product_cat","embeddable":true,"href":"https:\/\/silk-pajamas.com\/de\/wp-json\/wp\/v2\/product_cat?post=651"},{"taxonomy":"product_tag","embeddable":true,"href":"https:\/\/silk-pajamas.com\/de\/wp-json\/wp\/v2\/product_tag?post=651"}],"curies":[{"name":"wp","href":"https:\/\/api.w.org\/{rel}","templated":true}]}}