{"id":653,"date":"2026-04-12T15:43:15","date_gmt":"2026-04-12T15:43:15","guid":{"rendered":"https:\/\/silk-pajamas.com\/19-momme-charmeuse-silk-sleep-shorts-pocketed-ivory\/"},"modified":"2026-05-08T10:09:01","modified_gmt":"2026-05-08T10:09:01","slug":"19-momme-charmeuse-silk-sleep-shorts-pocketed-ivory","status":"publish","type":"product","link":"https:\/\/silk-pajamas.com\/de\/19-momme-charmeuse-silk-sleep-shorts-pocketed-ivory\/","title":{"rendered":"19 Momme Charmeuse Seide Schlaf Shorts Pocketed Elfenbein"},"content":{"rendered":"<p>Diese aus 19 Momme-Charmeuse-Seide gefertigte Schlafunterhose kombiniert Taschen-Details mit einem weichen Glanz und einem atmungsaktiven Tragegef\u00fchl. Das elfenbeinfarbene Finish verleiht ihr einen raffinierten Look, w\u00e4hrend die Gr\u00f6\u00dfen XL, XXL, 3XL, 4XL helfen, den Kernbedarf zu decken. Geeignet f\u00fcr Frauen und f\u00fcr die gesamte Garderobe. Kalt von Hand waschen oder im Schonwaschgang.<\/p>","protected":false},"excerpt":{"rendered":"<p>19 Momme Charmeuse Seiden-Schlafanz\u00fcge in Elfenbein. Taschenverarbeitung, weicher Fall und Gr\u00f6\u00dfenbereich XL, XXL, 3XL, 4XL. Entworfen f\u00fcr Frauen.<\/p>","protected":false},"featured_media":2320,"template":"","meta":{"_gspb_post_css":""},"product_brand":[],"product_cat":[26],"product_tag":[307,308,309],"class_list":{"0":"post-653","1":"product","2":"type-product","3":"status-publish","4":"has-post-thumbnail","6":"product_cat-silk-sleep-bottoms","7":"product_tag-19-momme-silk-sleep-pants-ivory","8":"product_tag-charmeuse-silk-sleep-pants-pocketed","9":"product_tag-factory-silk-sleep-pants-for-women","11":"first","12":"instock","13":"shipping-taxable","14":"purchasable","15":"product-type-simple"},"_links":{"self":[{"href":"https:\/\/silk-pajamas.com\/de\/wp-json\/wp\/v2\/product\/653","targetHints":{"allow":["GET"]}}],"collection":[{"href":"https:\/\/silk-pajamas.com\/de\/wp-json\/wp\/v2\/product"}],"about":[{"href":"https:\/\/silk-pajamas.com\/de\/wp-json\/wp\/v2\/types\/product"}],"wp:featuredmedia":[{"embeddable":true,"href":"https:\/\/silk-pajamas.com\/de\/wp-json\/wp\/v2\/media\/2320"}],"wp:attachment":[{"href":"https:\/\/silk-pajamas.com\/de\/wp-json\/wp\/v2\/media?parent=653"}],"wp:term":[{"taxonomy":"product_brand","embeddable":true,"href":"https:\/\/silk-pajamas.com\/de\/wp-json\/wp\/v2\/product_brand?post=653"},{"taxonomy":"product_cat","embeddable":true,"href":"https:\/\/silk-pajamas.com\/de\/wp-json\/wp\/v2\/product_cat?post=653"},{"taxonomy":"product_tag","embeddable":true,"href":"https:\/\/silk-pajamas.com\/de\/wp-json\/wp\/v2\/product_tag?post=653"}],"curies":[{"name":"wp","href":"https:\/\/api.w.org\/{rel}","templated":true}]}}