{"id":654,"date":"2026-04-12T15:43:15","date_gmt":"2026-04-12T15:43:15","guid":{"rendered":"https:\/\/silk-pajamas.com\/22-momme-crepe-silk-sleep-shorts-pocketed-coffee\/"},"modified":"2026-05-08T12:26:52","modified_gmt":"2026-05-08T12:26:52","slug":"22-momme-crepe-silk-sleep-shorts-pocketed-coffee","status":"publish","type":"product","link":"https:\/\/silk-pajamas.com\/de\/22-momme-crepe-silk-sleep-shorts-pocketed-coffee\/","title":{"rendered":"22 Momme Krepp Seide Schlafshorts mit Taschen Kaffee"},"content":{"rendered":"<p>Diese Schlafunterhose ist aus 22 momme Kreppseide in einem Kaffeeton gefertigt. Sie verf\u00fcgt \u00fcber Taschen, ein glattes Handgef\u00fchl und einen bequemen Fall f\u00fcr M\u00e4nner. Der Stil unterst\u00fctzt Gr\u00f6\u00dfen Custom und funktioniert gut f\u00fcr alle Saison tragen, Geschenk-und t\u00e4glichen Komfort. Handw\u00e4sche kalt oder im Schonwaschgang.<\/p>","protected":false},"excerpt":{"rendered":"<p>22 Momme Crepe-Seiden-Schlafanz\u00fcge in Coffee. Taschenverarbeitung, knitterfreies Gef\u00fchl und Gr\u00f6\u00dfenauswahl Custom. Entworfen f\u00fcr M\u00e4nner.<\/p>","protected":false},"featured_media":2321,"template":"","meta":{"_gspb_post_css":""},"product_brand":[],"product_cat":[26],"product_tag":[310,311,312],"class_list":{"0":"post-654","1":"product","2":"type-product","3":"status-publish","4":"has-post-thumbnail","6":"product_cat-silk-sleep-bottoms","7":"product_tag-22-momme-silk-sleep-pants-coffee","8":"product_tag-crepe-silk-sleep-pants-pocketed","9":"product_tag-supplier-silk-sleep-pants-for-men","11":"first","12":"instock","13":"shipping-taxable","14":"purchasable","15":"product-type-simple"},"_links":{"self":[{"href":"https:\/\/silk-pajamas.com\/de\/wp-json\/wp\/v2\/product\/654","targetHints":{"allow":["GET"]}}],"collection":[{"href":"https:\/\/silk-pajamas.com\/de\/wp-json\/wp\/v2\/product"}],"about":[{"href":"https:\/\/silk-pajamas.com\/de\/wp-json\/wp\/v2\/types\/product"}],"wp:featuredmedia":[{"embeddable":true,"href":"https:\/\/silk-pajamas.com\/de\/wp-json\/wp\/v2\/media\/2321"}],"wp:attachment":[{"href":"https:\/\/silk-pajamas.com\/de\/wp-json\/wp\/v2\/media?parent=654"}],"wp:term":[{"taxonomy":"product_brand","embeddable":true,"href":"https:\/\/silk-pajamas.com\/de\/wp-json\/wp\/v2\/product_brand?post=654"},{"taxonomy":"product_cat","embeddable":true,"href":"https:\/\/silk-pajamas.com\/de\/wp-json\/wp\/v2\/product_cat?post=654"},{"taxonomy":"product_tag","embeddable":true,"href":"https:\/\/silk-pajamas.com\/de\/wp-json\/wp\/v2\/product_tag?post=654"}],"curies":[{"name":"wp","href":"https:\/\/api.w.org\/{rel}","templated":true}]}}