{"id":657,"date":"2026-04-12T15:43:15","date_gmt":"2026-04-12T15:43:15","guid":{"rendered":"https:\/\/silk-pajamas.com\/25-momme-charmeuse-silk-lounge-bottoms-drawstring-leopard\/"},"modified":"2026-05-08T12:35:14","modified_gmt":"2026-05-08T12:35:14","slug":"25-momme-charmeuse-silk-lounge-bottoms-drawstring-leopard","status":"publish","type":"product","link":"https:\/\/silk-pajamas.com\/de\/25-momme-charmeuse-silk-lounge-bottoms-drawstring-leopard\/","title":{"rendered":"25 Momme Charmeuse Seiden-Lounge-Hose mit Kordelzug Leopard"},"content":{"rendered":"<p>Diese Schlafunterhose ist aus 25 Momme-Charmeuse-Seide in einem Leoparden-Ton gefertigt. Sie verf\u00fcgt \u00fcber einen Kordelzug, ein weiches Handgef\u00fchl und einen bequemen Fall f\u00fcr Frauen. Das Modell ist in den Gr\u00f6\u00dfen XL, XXL, 3XL und 4XL erh\u00e4ltlich und eignet sich gut f\u00fcr den Fr\u00fchling, als Geschenk und f\u00fcr den t\u00e4glichen Komfort. Handw\u00e4sche kalt oder im Schonwaschgang.<\/p>","protected":false},"excerpt":{"rendered":"<p>25 Momme Charmeuse Seiden-Schlafanz\u00fcge in Leopard. Mit Kordelzug, knitterfrei und in den Gr\u00f6\u00dfen XL, XXL, 3XL und 4XL erh\u00e4ltlich. Entworfen f\u00fcr Frauen.<\/p>","protected":false},"featured_media":2331,"template":"","meta":{"_gspb_post_css":""},"product_brand":[],"product_cat":[26],"product_tag":[300,315,302],"class_list":{"0":"post-657","1":"product","2":"type-product","3":"status-publish","4":"has-post-thumbnail","6":"product_cat-silk-sleep-bottoms","7":"product_tag-25-momme-silk-sleep-pants-leopard","8":"product_tag-charmeuse-silk-sleep-pants-drawstring","9":"product_tag-manufacturer-silk-sleep-pants-for-women","11":"first","12":"instock","13":"featured","14":"shipping-taxable","15":"purchasable","16":"product-type-simple"},"_links":{"self":[{"href":"https:\/\/silk-pajamas.com\/de\/wp-json\/wp\/v2\/product\/657","targetHints":{"allow":["GET"]}}],"collection":[{"href":"https:\/\/silk-pajamas.com\/de\/wp-json\/wp\/v2\/product"}],"about":[{"href":"https:\/\/silk-pajamas.com\/de\/wp-json\/wp\/v2\/types\/product"}],"wp:featuredmedia":[{"embeddable":true,"href":"https:\/\/silk-pajamas.com\/de\/wp-json\/wp\/v2\/media\/2331"}],"wp:attachment":[{"href":"https:\/\/silk-pajamas.com\/de\/wp-json\/wp\/v2\/media?parent=657"}],"wp:term":[{"taxonomy":"product_brand","embeddable":true,"href":"https:\/\/silk-pajamas.com\/de\/wp-json\/wp\/v2\/product_brand?post=657"},{"taxonomy":"product_cat","embeddable":true,"href":"https:\/\/silk-pajamas.com\/de\/wp-json\/wp\/v2\/product_cat?post=657"},{"taxonomy":"product_tag","embeddable":true,"href":"https:\/\/silk-pajamas.com\/de\/wp-json\/wp\/v2\/product_tag?post=657"}],"curies":[{"name":"wp","href":"https:\/\/api.w.org\/{rel}","templated":true}]}}