{"id":658,"date":"2026-04-12T15:43:16","date_gmt":"2026-04-12T15:43:16","guid":{"rendered":"https:\/\/silk-pajamas.com\/19-momme-crepe-silk-sleepshirt-long-sleeve-emerald\/"},"modified":"2026-05-08T09:48:55","modified_gmt":"2026-05-08T09:48:55","slug":"19-momme-crepe-silk-sleepshirt-long-sleeve-emerald","status":"publish","type":"product","link":"https:\/\/silk-pajamas.com\/de\/19-momme-crepe-silk-sleepshirt-long-sleeve-emerald\/","title":{"rendered":"19 Momme Crepe Seiden-Sleepshirt Langarm Smaragd"},"content":{"rendered":"<p>Dieses gekn\u00f6pfte Schlafhemd aus 19 Momme-Cr\u00eape-Seide bietet ein atmungsaktives, sanftes Hautgef\u00fchl und elegante Bewegungsfreiheit. Die langen \u00c4rmel und die smaragdgr\u00fcne Farbe sorgen f\u00fcr einen eleganten Look f\u00fcr Frauen und M\u00e4nner. Erh\u00e4ltlich in Custom. Handw\u00e4sche kalt oder im Schonwaschgang.<\/p>","protected":false},"excerpt":{"rendered":"<p>19 Momme Crepe Seide gekn\u00f6pft Schlafhemd in Emerald. Long Sleeve Finish, atmungsaktiv und Gr\u00f6\u00dfenbereich Custom. Entworfen f\u00fcr Frauen und M\u00e4nner.<\/p>","protected":false},"featured_media":2283,"template":"","meta":{"_gspb_post_css":""},"product_brand":[],"product_cat":[25],"product_tag":[316,317,318],"class_list":{"0":"post-658","1":"product","2":"type-product","3":"status-publish","4":"has-post-thumbnail","6":"product_cat-silk-sleepshirt","7":"product_tag-19-momme-silk-sleepshirt-emerald","8":"product_tag-crepe-silk-sleepshirt-long-sleeve","9":"product_tag-wholesale-silk-sleepshirt-for-women-and-men","11":"first","12":"instock","13":"featured","14":"shipping-taxable","15":"purchasable","16":"product-type-simple"},"_links":{"self":[{"href":"https:\/\/silk-pajamas.com\/de\/wp-json\/wp\/v2\/product\/658","targetHints":{"allow":["GET"]}}],"collection":[{"href":"https:\/\/silk-pajamas.com\/de\/wp-json\/wp\/v2\/product"}],"about":[{"href":"https:\/\/silk-pajamas.com\/de\/wp-json\/wp\/v2\/types\/product"}],"wp:featuredmedia":[{"embeddable":true,"href":"https:\/\/silk-pajamas.com\/de\/wp-json\/wp\/v2\/media\/2283"}],"wp:attachment":[{"href":"https:\/\/silk-pajamas.com\/de\/wp-json\/wp\/v2\/media?parent=658"}],"wp:term":[{"taxonomy":"product_brand","embeddable":true,"href":"https:\/\/silk-pajamas.com\/de\/wp-json\/wp\/v2\/product_brand?post=658"},{"taxonomy":"product_cat","embeddable":true,"href":"https:\/\/silk-pajamas.com\/de\/wp-json\/wp\/v2\/product_cat?post=658"},{"taxonomy":"product_tag","embeddable":true,"href":"https:\/\/silk-pajamas.com\/de\/wp-json\/wp\/v2\/product_tag?post=658"}],"curies":[{"name":"wp","href":"https:\/\/api.w.org\/{rel}","templated":true}]}}