{"id":661,"date":"2026-04-12T15:43:16","date_gmt":"2026-04-12T15:43:16","guid":{"rendered":"https:\/\/silk-pajamas.com\/19-momme-crepe-silk-sleepshirt-relaxed-fit-black\/"},"modified":"2026-05-08T09:54:00","modified_gmt":"2026-05-08T09:54:00","slug":"19-momme-crepe-silk-sleepshirt-relaxed-fit-black","status":"publish","type":"product","link":"https:\/\/silk-pajamas.com\/de\/19-momme-crepe-silk-sleepshirt-relaxed-fit-black\/","title":{"rendered":"19 Momme Krepp-Seiden-Sleepshirt Entspannte Passform Schwarz"},"content":{"rendered":"<p>Dieses gekn\u00f6pfte Schlafhemd aus 19 Momme-Cr\u00eape-Seide kombiniert eine entspannte Passform mit einem weichen Glanz und einem atmungsaktiven Gef\u00fchl. Das schwarze Finish verleiht ihm einen raffinierten Look, w\u00e4hrend die Gr\u00f6\u00dfen XS, S, M, L, XL, XXL den Kernbedarf decken. Geeignet f\u00fcr Geschenksortimente und Fr\u00fchlingsgarderobe. Kalt von Hand waschen oder im Schonwaschgang.<\/p>","protected":false},"excerpt":{"rendered":"<p>19 Momme Crepe Seide gekn\u00f6pft Schlafhemd in Schwarz. Relaxed Fit Ausf\u00fchrung, weiches Tragegef\u00fchl und Gr\u00f6\u00dfenauswahl XS, S, M, L, XL, XXL. Entworfen f\u00fcr Geschenksortimente.<\/p>","protected":false},"featured_media":2292,"template":"","meta":{"_gspb_post_css":""},"product_brand":[],"product_cat":[25],"product_tag":[324,325,326],"class_list":{"0":"post-661","1":"product","2":"type-product","3":"status-publish","4":"has-post-thumbnail","6":"product_cat-silk-sleepshirt","7":"product_tag-19-momme-silk-sleepshirt-black","8":"product_tag-crepe-silk-sleepshirt-relaxed-fit","9":"product_tag-vendor-silk-sleepshirt-for-gift-assortments","11":"first","12":"instock","13":"shipping-taxable","14":"purchasable","15":"product-type-simple"},"_links":{"self":[{"href":"https:\/\/silk-pajamas.com\/de\/wp-json\/wp\/v2\/product\/661","targetHints":{"allow":["GET"]}}],"collection":[{"href":"https:\/\/silk-pajamas.com\/de\/wp-json\/wp\/v2\/product"}],"about":[{"href":"https:\/\/silk-pajamas.com\/de\/wp-json\/wp\/v2\/types\/product"}],"wp:featuredmedia":[{"embeddable":true,"href":"https:\/\/silk-pajamas.com\/de\/wp-json\/wp\/v2\/media\/2292"}],"wp:attachment":[{"href":"https:\/\/silk-pajamas.com\/de\/wp-json\/wp\/v2\/media?parent=661"}],"wp:term":[{"taxonomy":"product_brand","embeddable":true,"href":"https:\/\/silk-pajamas.com\/de\/wp-json\/wp\/v2\/product_brand?post=661"},{"taxonomy":"product_cat","embeddable":true,"href":"https:\/\/silk-pajamas.com\/de\/wp-json\/wp\/v2\/product_cat?post=661"},{"taxonomy":"product_tag","embeddable":true,"href":"https:\/\/silk-pajamas.com\/de\/wp-json\/wp\/v2\/product_tag?post=661"}],"curies":[{"name":"wp","href":"https:\/\/api.w.org\/{rel}","templated":true}]}}