{"id":665,"date":"2026-04-12T15:43:16","date_gmt":"2026-04-12T15:43:16","guid":{"rendered":"https:\/\/silk-pajamas.com\/16-momme-charmeuse-silk-sleepshirt-piped-leopard\/"},"modified":"2026-05-08T09:57:48","modified_gmt":"2026-05-08T09:57:48","slug":"16-momme-charmeuse-silk-sleepshirt-piped-leopard","status":"publish","type":"product","link":"https:\/\/silk-pajamas.com\/de\/16-momme-charmeuse-silk-sleepshirt-piped-leopard\/","title":{"rendered":"16 Momme Charmeuse Seidenschlafshirt Leopard gepaspelt"},"content":{"rendered":"<p>Dieses gekn\u00f6pfte Schlafhemd ist aus 16er Momme-Charmeuse-Seide in einem Leopardenton gefertigt. Es ist mit Paspeln versehen, hat ein glattes Handgef\u00fchl und einen angenehmen Fall f\u00fcr Frauen und M\u00e4nner. Das Modell ist in den Gr\u00f6\u00dfen XL, XXL, 3XL und 4XL erh\u00e4ltlich und eignet sich f\u00fcr alle Jahreszeiten, zum Verschenken und f\u00fcr den t\u00e4glichen Komfort. Handw\u00e4sche kalt oder im Schonwaschgang.<\/p>","protected":false},"excerpt":{"rendered":"<p>16 Momme Charmeuse Seide gekn\u00f6pft Schlafhemd in Leopard. Paspeliert, atmungsaktiv und in den Gr\u00f6\u00dfen XL, XXL, 3XL, 4XL erh\u00e4ltlich. Entworfen f\u00fcr Frauen und M\u00e4nner.<\/p>","protected":false},"featured_media":2288,"template":"","meta":{"_gspb_post_css":""},"product_brand":[],"product_cat":[25],"product_tag":[335,328,336],"class_list":{"0":"post-665","1":"product","2":"type-product","3":"status-publish","4":"has-post-thumbnail","6":"product_cat-silk-sleepshirt","7":"product_tag-16-momme-silk-sleepshirt-leopard","8":"product_tag-charmeuse-silk-sleepshirt-piped","9":"product_tag-supplier-silk-sleepshirt-for-women-and-men","11":"first","12":"instock","13":"shipping-taxable","14":"purchasable","15":"product-type-simple"},"_links":{"self":[{"href":"https:\/\/silk-pajamas.com\/de\/wp-json\/wp\/v2\/product\/665","targetHints":{"allow":["GET"]}}],"collection":[{"href":"https:\/\/silk-pajamas.com\/de\/wp-json\/wp\/v2\/product"}],"about":[{"href":"https:\/\/silk-pajamas.com\/de\/wp-json\/wp\/v2\/types\/product"}],"wp:featuredmedia":[{"embeddable":true,"href":"https:\/\/silk-pajamas.com\/de\/wp-json\/wp\/v2\/media\/2288"}],"wp:attachment":[{"href":"https:\/\/silk-pajamas.com\/de\/wp-json\/wp\/v2\/media?parent=665"}],"wp:term":[{"taxonomy":"product_brand","embeddable":true,"href":"https:\/\/silk-pajamas.com\/de\/wp-json\/wp\/v2\/product_brand?post=665"},{"taxonomy":"product_cat","embeddable":true,"href":"https:\/\/silk-pajamas.com\/de\/wp-json\/wp\/v2\/product_cat?post=665"},{"taxonomy":"product_tag","embeddable":true,"href":"https:\/\/silk-pajamas.com\/de\/wp-json\/wp\/v2\/product_tag?post=665"}],"curies":[{"name":"wp","href":"https:\/\/api.w.org\/{rel}","templated":true}]}}