{"id":666,"date":"2026-04-12T15:43:16","date_gmt":"2026-04-12T15:43:16","guid":{"rendered":"https:\/\/silk-pajamas.com\/25-momme-sandwashed-silk-sleep-shirt-midi-coffee\/"},"modified":"2026-05-08T09:58:53","modified_gmt":"2026-05-08T09:58:53","slug":"25-momme-sandwashed-silk-sleep-shirt-midi-coffee","status":"publish","type":"product","link":"https:\/\/silk-pajamas.com\/de\/25-momme-sandwashed-silk-sleep-shirt-midi-coffee\/","title":{"rendered":"25 Momme Sandwich Silk Sleep Shirt Midi Kaffee"},"content":{"rendered":"<p>Dieses gekn\u00f6pfte Schlafhemd aus 25 momme sandgewaschener Seide kombiniert Mididetails mit weichem Glanz und atmungsaktivem Tragegef\u00fchl. Das Kaffee-Finish verleiht ihm einen raffinierten Look, w\u00e4hrend die Gr\u00f6\u00dfen XL, XXL, 3XL, 4XL helfen, den Kernbedarf zu decken. Geeignet f\u00fcr Reisen und die Herbstgarderobe. Kalt von Hand waschen oder im Schonwaschgang.<\/p>","protected":false},"excerpt":{"rendered":"<p>25 Momme Sandwashed Seiden-Schlafhemd mit Knopfleiste in Coffee. Midi-Finish, thermoregulierendes Gef\u00fchl und Gr\u00f6\u00dfenbereich XL, XXL, 3XL, 4XL. Konzipiert f\u00fcr den Einsatz auf Reisen.<\/p>","protected":false},"featured_media":2304,"template":"","meta":{"_gspb_post_css":""},"product_brand":[],"product_cat":[25],"product_tag":[337,338,339],"class_list":{"0":"post-666","1":"product","2":"type-product","3":"status-publish","4":"has-post-thumbnail","6":"product_cat-silk-sleepshirt","7":"product_tag-25-momme-silk-sleepshirt-coffee","8":"product_tag-sandwashed-silk-sleepshirt-midi","9":"product_tag-wholesale-silk-sleepshirt-for-travel-use","11":"first","12":"instock","13":"shipping-taxable","14":"purchasable","15":"product-type-simple"},"_links":{"self":[{"href":"https:\/\/silk-pajamas.com\/de\/wp-json\/wp\/v2\/product\/666","targetHints":{"allow":["GET"]}}],"collection":[{"href":"https:\/\/silk-pajamas.com\/de\/wp-json\/wp\/v2\/product"}],"about":[{"href":"https:\/\/silk-pajamas.com\/de\/wp-json\/wp\/v2\/types\/product"}],"wp:featuredmedia":[{"embeddable":true,"href":"https:\/\/silk-pajamas.com\/de\/wp-json\/wp\/v2\/media\/2304"}],"wp:attachment":[{"href":"https:\/\/silk-pajamas.com\/de\/wp-json\/wp\/v2\/media?parent=666"}],"wp:term":[{"taxonomy":"product_brand","embeddable":true,"href":"https:\/\/silk-pajamas.com\/de\/wp-json\/wp\/v2\/product_brand?post=666"},{"taxonomy":"product_cat","embeddable":true,"href":"https:\/\/silk-pajamas.com\/de\/wp-json\/wp\/v2\/product_cat?post=666"},{"taxonomy":"product_tag","embeddable":true,"href":"https:\/\/silk-pajamas.com\/de\/wp-json\/wp\/v2\/product_tag?post=666"}],"curies":[{"name":"wp","href":"https:\/\/api.w.org\/{rel}","templated":true}]}}