{"id":668,"date":"2026-04-12T15:43:16","date_gmt":"2026-04-12T15:43:16","guid":{"rendered":"https:\/\/silk-pajamas.com\/19-momme-charmeuse-silk-sleep-shirt-pocketed-emerald\/"},"modified":"2026-05-08T09:59:36","modified_gmt":"2026-05-08T09:59:36","slug":"19-momme-charmeuse-silk-sleep-shirt-pocketed-emerald","status":"publish","type":"product","link":"https:\/\/silk-pajamas.com\/de\/19-momme-charmeuse-silk-sleep-shirt-pocketed-emerald\/","title":{"rendered":"19 Momme Charmeuse Seidenschlafhemd Pocketed Emerald"},"content":{"rendered":"<p>Dieses gekn\u00f6pfte Schlafhemd ist aus 19 Momme-Charmeuse-Seide in einem Smaragdton gefertigt. Es verf\u00fcgt \u00fcber Taschen, ein glattes Handgef\u00fchl und komfortable drapieren f\u00fcr Frauen. Das Modell ist in den Gr\u00f6\u00dfen XL, XXL, 3XL und 4XL erh\u00e4ltlich und eignet sich gut f\u00fcr den Fr\u00fchling, zum Verschenken und f\u00fcr den t\u00e4glichen Komfort. Handw\u00e4sche kalt oder im Schonwaschgang.<\/p>","protected":false},"excerpt":{"rendered":"<p>19 Momme Charmeuse Seiden-Schlafhemd mit Kn\u00f6pfen in Emerald. Taschenverarbeitung, weicher Faltenwurf und Gr\u00f6\u00dfen XL, XXL, 3XL, 4XL. Entworfen f\u00fcr Frauen.<\/p>","protected":false},"featured_media":2285,"template":"","meta":{"_gspb_post_css":""},"product_brand":[],"product_cat":[25],"product_tag":[316,342,343],"class_list":{"0":"post-668","1":"product","2":"type-product","3":"status-publish","4":"has-post-thumbnail","6":"product_cat-silk-sleepshirt","7":"product_tag-19-momme-silk-sleepshirt-emerald","8":"product_tag-charmeuse-silk-sleepshirt-pocketed","9":"product_tag-supplier-silk-sleepshirt-for-women","11":"first","12":"instock","13":"featured","14":"shipping-taxable","15":"purchasable","16":"product-type-simple"},"_links":{"self":[{"href":"https:\/\/silk-pajamas.com\/de\/wp-json\/wp\/v2\/product\/668","targetHints":{"allow":["GET"]}}],"collection":[{"href":"https:\/\/silk-pajamas.com\/de\/wp-json\/wp\/v2\/product"}],"about":[{"href":"https:\/\/silk-pajamas.com\/de\/wp-json\/wp\/v2\/types\/product"}],"wp:featuredmedia":[{"embeddable":true,"href":"https:\/\/silk-pajamas.com\/de\/wp-json\/wp\/v2\/media\/2285"}],"wp:attachment":[{"href":"https:\/\/silk-pajamas.com\/de\/wp-json\/wp\/v2\/media?parent=668"}],"wp:term":[{"taxonomy":"product_brand","embeddable":true,"href":"https:\/\/silk-pajamas.com\/de\/wp-json\/wp\/v2\/product_brand?post=668"},{"taxonomy":"product_cat","embeddable":true,"href":"https:\/\/silk-pajamas.com\/de\/wp-json\/wp\/v2\/product_cat?post=668"},{"taxonomy":"product_tag","embeddable":true,"href":"https:\/\/silk-pajamas.com\/de\/wp-json\/wp\/v2\/product_tag?post=668"}],"curies":[{"name":"wp","href":"https:\/\/api.w.org\/{rel}","templated":true}]}}