{"id":669,"date":"2026-04-12T15:43:16","date_gmt":"2026-04-12T15:43:16","guid":{"rendered":"https:\/\/silk-pajamas.com\/22-momme-mulberry-silk-sleep-shirt-pocketed-rose\/"},"modified":"2026-05-08T10:01:20","modified_gmt":"2026-05-08T10:01:20","slug":"22-momme-mulberry-silk-sleep-shirt-pocketed-rose","status":"publish","type":"product","link":"https:\/\/silk-pajamas.com\/de\/22-momme-mulberry-silk-sleep-shirt-pocketed-rose\/","title":{"rendered":"22 Momme Mulberry Silk Sleep Shirt Pocketed Rose"},"content":{"rendered":"<p>Dieses gekn\u00f6pfte Schlafhemd aus 22 momme Maulbeerseide bietet ein leichtes, sanftes Hautgef\u00fchl und elegante Bewegungsfreiheit. Die Taschenkonstruktion und die rosa Farbe sorgen f\u00fcr einen eleganten Look f\u00fcr Frauen und M\u00e4nner. Erh\u00e4ltlich in XS, S, M, L, XL, XXL. Handw\u00e4sche kalt oder im Schonwaschgang.<\/p>","protected":false},"excerpt":{"rendered":"<p>22 Momme Mulberry Seiden-Schlafshirt mit Kn\u00f6pfen in Rose. Taschenverarbeitung, leichtes Tragegef\u00fchl und Gr\u00f6\u00dfenauswahl XS, S, M, L, XL, XXL. Entworfen f\u00fcr Frauen und M\u00e4nner.<\/p>","protected":false},"featured_media":2308,"template":"","meta":{"_gspb_post_css":""},"product_brand":[],"product_cat":[25],"product_tag":[344,333,318],"class_list":{"0":"post-669","1":"product","2":"type-product","3":"status-publish","4":"has-post-thumbnail","6":"product_cat-silk-sleepshirt","7":"product_tag-22-momme-silk-sleepshirt-rose","8":"product_tag-mulberry-silk-sleepshirt-pocketed","9":"product_tag-wholesale-silk-sleepshirt-for-women-and-men","11":"first","12":"instock","13":"shipping-taxable","14":"purchasable","15":"product-type-simple"},"_links":{"self":[{"href":"https:\/\/silk-pajamas.com\/de\/wp-json\/wp\/v2\/product\/669","targetHints":{"allow":["GET"]}}],"collection":[{"href":"https:\/\/silk-pajamas.com\/de\/wp-json\/wp\/v2\/product"}],"about":[{"href":"https:\/\/silk-pajamas.com\/de\/wp-json\/wp\/v2\/types\/product"}],"wp:featuredmedia":[{"embeddable":true,"href":"https:\/\/silk-pajamas.com\/de\/wp-json\/wp\/v2\/media\/2308"}],"wp:attachment":[{"href":"https:\/\/silk-pajamas.com\/de\/wp-json\/wp\/v2\/media?parent=669"}],"wp:term":[{"taxonomy":"product_brand","embeddable":true,"href":"https:\/\/silk-pajamas.com\/de\/wp-json\/wp\/v2\/product_brand?post=669"},{"taxonomy":"product_cat","embeddable":true,"href":"https:\/\/silk-pajamas.com\/de\/wp-json\/wp\/v2\/product_cat?post=669"},{"taxonomy":"product_tag","embeddable":true,"href":"https:\/\/silk-pajamas.com\/de\/wp-json\/wp\/v2\/product_tag?post=669"}],"curies":[{"name":"wp","href":"https:\/\/api.w.org\/{rel}","templated":true}]}}