{"id":670,"date":"2026-04-12T15:43:17","date_gmt":"2026-04-12T15:43:17","guid":{"rendered":"https:\/\/silk-pajamas.com\/25-momme-crepe-silk-sleepshirt-button-down-pearl\/"},"modified":"2026-05-08T08:53:59","modified_gmt":"2026-05-08T08:53:59","slug":"25-momme-crepe-silk-sleepshirt-button-down-pearl","status":"publish","type":"product","link":"https:\/\/silk-pajamas.com\/de\/25-momme-crepe-silk-sleepshirt-button-down-pearl\/","title":{"rendered":"25 Momme Krepp-Seiden-Schlafshirt Button Down Perle"},"content":{"rendered":"<p>Dieses gekn\u00f6pfte Schlafhemd aus 25-Momme-Cr\u00eape-Seide kombiniert Button-Down-Details mit einem weichen Glanz und einem atmungsaktiven Tragegef\u00fchl. Das Perlen-Finish verleiht ihm einen raffinierten Look, w\u00e4hrend die Gr\u00f6\u00dfe Custom den Kernbedarf abdeckt. Geeignet f\u00fcr die Damen- und Sommergarderobe. Kalt von Hand waschen oder im Schonwaschgang.<\/p>","protected":false},"excerpt":{"rendered":"<p>25 Momme Crepe-Seiden-Schlafhemd mit Knopfleiste in Pearl. Button-Down-Verarbeitung, thermoregulierendes Gef\u00fchl und Gr\u00f6\u00dfenauswahl Custom. Entworfen f\u00fcr Frauen.<\/p>","protected":false},"featured_media":2250,"template":"","meta":{"_gspb_post_css":""},"product_brand":[],"product_cat":[25],"product_tag":[345,346,329],"class_list":{"0":"post-670","1":"product","2":"type-product","3":"status-publish","4":"has-post-thumbnail","6":"product_cat-silk-sleepshirt","7":"product_tag-25-momme-silk-sleepshirt-pearl","8":"product_tag-crepe-silk-sleepshirt-button-down","9":"product_tag-factory-silk-sleepshirt-for-women","11":"first","12":"instock","13":"shipping-taxable","14":"purchasable","15":"product-type-simple"},"_links":{"self":[{"href":"https:\/\/silk-pajamas.com\/de\/wp-json\/wp\/v2\/product\/670","targetHints":{"allow":["GET"]}}],"collection":[{"href":"https:\/\/silk-pajamas.com\/de\/wp-json\/wp\/v2\/product"}],"about":[{"href":"https:\/\/silk-pajamas.com\/de\/wp-json\/wp\/v2\/types\/product"}],"wp:featuredmedia":[{"embeddable":true,"href":"https:\/\/silk-pajamas.com\/de\/wp-json\/wp\/v2\/media\/2250"}],"wp:attachment":[{"href":"https:\/\/silk-pajamas.com\/de\/wp-json\/wp\/v2\/media?parent=670"}],"wp:term":[{"taxonomy":"product_brand","embeddable":true,"href":"https:\/\/silk-pajamas.com\/de\/wp-json\/wp\/v2\/product_brand?post=670"},{"taxonomy":"product_cat","embeddable":true,"href":"https:\/\/silk-pajamas.com\/de\/wp-json\/wp\/v2\/product_cat?post=670"},{"taxonomy":"product_tag","embeddable":true,"href":"https:\/\/silk-pajamas.com\/de\/wp-json\/wp\/v2\/product_tag?post=670"}],"curies":[{"name":"wp","href":"https:\/\/api.w.org\/{rel}","templated":true}]}}