{"id":671,"date":"2026-04-12T15:43:17","date_gmt":"2026-04-12T15:43:17","guid":{"rendered":"https:\/\/silk-pajamas.com\/22-momme-crepe-silk-sleepshirt-button-down-wine-vendor\/"},"modified":"2026-05-08T08:56:08","modified_gmt":"2026-05-08T08:56:08","slug":"22-momme-crepe-silk-sleepshirt-button-down-wine-vendor","status":"publish","type":"product","link":"https:\/\/silk-pajamas.com\/de\/22-momme-crepe-silk-sleepshirt-button-down-wine-vendor\/","title":{"rendered":"22 Momme Crepe Seiden-Sleepshirt Button Down Wein Anbieter"},"content":{"rendered":"<p>Dieses gekn\u00f6pfte Schlafhemd ist aus 22 Momme-Cr\u00eape-Seide in einem Weinton gefertigt. Es hat eine Knopfleiste, ein weiches Handgef\u00fchl und einen bequemen Fall f\u00fcr Frauen. Der Stil unterst\u00fctzt die Gr\u00f6\u00dfen S, M, L, XL und eignet sich f\u00fcr alle Jahreszeiten, Geschenke und t\u00e4glichen Komfort. Handw\u00e4sche kalt oder im Schonwaschgang.<\/p>","protected":false},"excerpt":{"rendered":"<p>22 Momme Crepe Seiden-Schlafhemd mit Knopfleiste in Wine. Button-Down-Verarbeitung, leichtes Tragegef\u00fchl und Gr\u00f6\u00dfenauswahl S, M, L, XL. Entworfen f\u00fcr Frauen.<\/p>","protected":false},"featured_media":2253,"template":"","meta":{"_gspb_post_css":""},"product_brand":[],"product_cat":[25],"product_tag":[347,346,343],"class_list":{"0":"post-671","1":"product","2":"type-product","3":"status-publish","4":"has-post-thumbnail","6":"product_cat-silk-sleepshirt","7":"product_tag-22-momme-silk-sleepshirt-wine","8":"product_tag-crepe-silk-sleepshirt-button-down","9":"product_tag-supplier-silk-sleepshirt-for-women","11":"first","12":"instock","13":"shipping-taxable","14":"purchasable","15":"product-type-simple"},"_links":{"self":[{"href":"https:\/\/silk-pajamas.com\/de\/wp-json\/wp\/v2\/product\/671","targetHints":{"allow":["GET"]}}],"collection":[{"href":"https:\/\/silk-pajamas.com\/de\/wp-json\/wp\/v2\/product"}],"about":[{"href":"https:\/\/silk-pajamas.com\/de\/wp-json\/wp\/v2\/types\/product"}],"wp:featuredmedia":[{"embeddable":true,"href":"https:\/\/silk-pajamas.com\/de\/wp-json\/wp\/v2\/media\/2253"}],"wp:attachment":[{"href":"https:\/\/silk-pajamas.com\/de\/wp-json\/wp\/v2\/media?parent=671"}],"wp:term":[{"taxonomy":"product_brand","embeddable":true,"href":"https:\/\/silk-pajamas.com\/de\/wp-json\/wp\/v2\/product_brand?post=671"},{"taxonomy":"product_cat","embeddable":true,"href":"https:\/\/silk-pajamas.com\/de\/wp-json\/wp\/v2\/product_cat?post=671"},{"taxonomy":"product_tag","embeddable":true,"href":"https:\/\/silk-pajamas.com\/de\/wp-json\/wp\/v2\/product_tag?post=671"}],"curies":[{"name":"wp","href":"https:\/\/api.w.org\/{rel}","templated":true}]}}