{"id":674,"date":"2026-04-12T15:43:17","date_gmt":"2026-04-12T15:43:17","guid":{"rendered":"https:\/\/silk-pajamas.com\/22-momme-crepe-silk-sleepshirt-piped-wine-wholesale\/"},"modified":"2026-05-08T09:16:05","modified_gmt":"2026-05-08T09:16:05","slug":"22-momme-crepe-silk-sleepshirt-piped-wine-wholesale","status":"publish","type":"product","link":"https:\/\/silk-pajamas.com\/de\/22-momme-crepe-silk-sleepshirt-piped-wine-wholesale\/","title":{"rendered":"22 Momme Crepe Seiden Sleepshirt Paspeliert Wein Gro\u00dfhandel"},"content":{"rendered":"<p>Dieses gekn\u00f6pfte Schlafhemd aus 22 Momme-Cr\u00eape-Seide ist leicht, f\u00fchlt sich angenehm auf der Haut an und l\u00e4sst sich elegant bewegen. Die Paspelierung und die weinrote Farbe sorgen f\u00fcr einen edlen Look bei der Zusammenstellung von Geschenken. Erh\u00e4ltlich in Custom. Handw\u00e4sche kalt oder im Schonwaschgang.<\/p>","protected":false},"excerpt":{"rendered":"<p>22 Momme Crepe Seide gekn\u00f6pft Schlafhemd in Wein. Paspelierte Verarbeitung, leichtes Tragegef\u00fchl und Gr\u00f6\u00dfenauswahl Custom. Entworfen f\u00fcr Geschenksortimente.<\/p>","protected":false},"featured_media":2251,"template":"","meta":{"_gspb_post_css":""},"product_brand":[],"product_cat":[25],"product_tag":[347,353,354],"class_list":{"0":"post-674","1":"product","2":"type-product","3":"status-publish","4":"has-post-thumbnail","6":"product_cat-silk-sleepshirt","7":"product_tag-22-momme-silk-sleepshirt-wine","8":"product_tag-crepe-silk-sleepshirt-piped","9":"product_tag-wholesale-silk-sleepshirt-for-gift-assortments","11":"first","12":"instock","13":"shipping-taxable","14":"purchasable","15":"product-type-simple"},"_links":{"self":[{"href":"https:\/\/silk-pajamas.com\/de\/wp-json\/wp\/v2\/product\/674","targetHints":{"allow":["GET"]}}],"collection":[{"href":"https:\/\/silk-pajamas.com\/de\/wp-json\/wp\/v2\/product"}],"about":[{"href":"https:\/\/silk-pajamas.com\/de\/wp-json\/wp\/v2\/types\/product"}],"wp:featuredmedia":[{"embeddable":true,"href":"https:\/\/silk-pajamas.com\/de\/wp-json\/wp\/v2\/media\/2251"}],"wp:attachment":[{"href":"https:\/\/silk-pajamas.com\/de\/wp-json\/wp\/v2\/media?parent=674"}],"wp:term":[{"taxonomy":"product_brand","embeddable":true,"href":"https:\/\/silk-pajamas.com\/de\/wp-json\/wp\/v2\/product_brand?post=674"},{"taxonomy":"product_cat","embeddable":true,"href":"https:\/\/silk-pajamas.com\/de\/wp-json\/wp\/v2\/product_cat?post=674"},{"taxonomy":"product_tag","embeddable":true,"href":"https:\/\/silk-pajamas.com\/de\/wp-json\/wp\/v2\/product_tag?post=674"}],"curies":[{"name":"wp","href":"https:\/\/api.w.org\/{rel}","templated":true}]}}