{"id":675,"date":"2026-04-12T15:43:17","date_gmt":"2026-04-12T15:43:17","guid":{"rendered":"https:\/\/silk-pajamas.com\/25-momme-sandwashed-silk-sleepshirt-button-down-sage\/"},"modified":"2026-05-08T09:25:22","modified_gmt":"2026-05-08T09:25:22","slug":"25-momme-sandwashed-silk-sleepshirt-button-down-sage","status":"publish","type":"product","link":"https:\/\/silk-pajamas.com\/de\/25-momme-sandwashed-silk-sleepshirt-button-down-sage\/","title":{"rendered":"25 Momme Sandwich Silk Sleepshirt Button Down Salbei"},"content":{"rendered":"<p>Dieses gekn\u00f6pfte Schlafhemd aus 25 momme sandgewaschener Seide kombiniert Button-Down-Details mit weichem Glanz und atmungsaktivem Tragegef\u00fchl. Das salbeifarbene Finish verleiht ihm einen raffinierten Look, w\u00e4hrend die Gr\u00f6\u00dfen S, M, L, XL den Kernbedarf abdecken helfen. Geeignet f\u00fcr die Reise und die ganze Saison. Kalt von Hand waschen oder im Schonwaschgang.<\/p>","protected":false},"excerpt":{"rendered":"<p>25 Momme Sandwashed Seide gekn\u00f6pft Schlafhemd in Salbei. Button-Down-Verarbeitung, weiche Haptik und Gr\u00f6\u00dfenauswahl S, M, L, XL. Entworfen f\u00fcr den Einsatz auf Reisen.<\/p>","protected":false},"featured_media":2259,"template":"","meta":{"_gspb_post_css":""},"product_brand":[],"product_cat":[25],"product_tag":[355,357,356],"class_list":{"0":"post-675","1":"product","2":"type-product","3":"status-publish","4":"has-post-thumbnail","6":"product_cat-silk-sleepshirt","7":"product_tag-25-momme-silk-sleepshirt-sage","8":"product_tag-factory-silk-sleepshirt-for-travel-use","9":"product_tag-sandwashed-silk-sleepshirt-button-down","11":"first","12":"instock","13":"shipping-taxable","14":"purchasable","15":"product-type-simple"},"_links":{"self":[{"href":"https:\/\/silk-pajamas.com\/de\/wp-json\/wp\/v2\/product\/675","targetHints":{"allow":["GET"]}}],"collection":[{"href":"https:\/\/silk-pajamas.com\/de\/wp-json\/wp\/v2\/product"}],"about":[{"href":"https:\/\/silk-pajamas.com\/de\/wp-json\/wp\/v2\/types\/product"}],"wp:featuredmedia":[{"embeddable":true,"href":"https:\/\/silk-pajamas.com\/de\/wp-json\/wp\/v2\/media\/2259"}],"wp:attachment":[{"href":"https:\/\/silk-pajamas.com\/de\/wp-json\/wp\/v2\/media?parent=675"}],"wp:term":[{"taxonomy":"product_brand","embeddable":true,"href":"https:\/\/silk-pajamas.com\/de\/wp-json\/wp\/v2\/product_brand?post=675"},{"taxonomy":"product_cat","embeddable":true,"href":"https:\/\/silk-pajamas.com\/de\/wp-json\/wp\/v2\/product_cat?post=675"},{"taxonomy":"product_tag","embeddable":true,"href":"https:\/\/silk-pajamas.com\/de\/wp-json\/wp\/v2\/product_tag?post=675"}],"curies":[{"name":"wp","href":"https:\/\/api.w.org\/{rel}","templated":true}]}}