{"id":679,"date":"2026-04-12T15:43:17","date_gmt":"2026-04-12T15:43:17","guid":{"rendered":"https:\/\/silk-pajamas.com\/19-momme-soft-shine-silk-bonnet-double-layer-wine\/"},"modified":"2026-05-08T09:41:58","modified_gmt":"2026-05-08T09:41:58","slug":"19-momme-soft-shine-silk-bonnet-double-layer-wine","status":"publish","type":"product","link":"https:\/\/silk-pajamas.com\/de\/19-momme-soft-shine-silk-bonnet-double-layer-wine\/","title":{"rendered":"19 Momme Soft Shine Seidenhaube Double Layer Wein"},"content":{"rendered":"<p>Diese Schlafm\u00fctze ist aus 19 momme weicher, gl\u00e4nzender Seide in einem Weinton gefertigt. Sie ist doppellagig, hat ein weiches Handgef\u00fchl und einen bequemen Faltenwurf zum Schutz der Z\u00f6pfe. Der Stil unterst\u00fctzt die Gr\u00f6\u00dfe One Size und eignet sich gut f\u00fcr die ganze Saison tragen, Geschenk-und t\u00e4glichen Komfort. Kalt von Hand waschen und an der Luft trocknen.<\/p>","protected":false},"excerpt":{"rendered":"<p>19 Momme Soft Shine Seidenschlafm\u00fctze in Wine. Doppellagige Verarbeitung, leichtes Tragegef\u00fchl und Gr\u00f6\u00dfenauswahl One Size. Entworfen f\u00fcr Zopfschutz.<\/p>","protected":false},"featured_media":2271,"template":"","meta":{"_gspb_post_css":""},"product_brand":[],"product_cat":[35],"product_tag":[366,368,367],"class_list":{"0":"post-679","1":"product","2":"type-product","3":"status-publish","4":"has-post-thumbnail","6":"product_cat-silk-bonnets","7":"product_tag-19-momme-silk-bonnet-wine","8":"product_tag-manufacturer-silk-bonnet-for-braid-protection","9":"product_tag-soft-shine-silk-bonnet-double-layer","11":"first","12":"instock","13":"shipping-taxable","14":"purchasable","15":"product-type-simple"},"_links":{"self":[{"href":"https:\/\/silk-pajamas.com\/de\/wp-json\/wp\/v2\/product\/679","targetHints":{"allow":["GET"]}}],"collection":[{"href":"https:\/\/silk-pajamas.com\/de\/wp-json\/wp\/v2\/product"}],"about":[{"href":"https:\/\/silk-pajamas.com\/de\/wp-json\/wp\/v2\/types\/product"}],"wp:featuredmedia":[{"embeddable":true,"href":"https:\/\/silk-pajamas.com\/de\/wp-json\/wp\/v2\/media\/2271"}],"wp:attachment":[{"href":"https:\/\/silk-pajamas.com\/de\/wp-json\/wp\/v2\/media?parent=679"}],"wp:term":[{"taxonomy":"product_brand","embeddable":true,"href":"https:\/\/silk-pajamas.com\/de\/wp-json\/wp\/v2\/product_brand?post=679"},{"taxonomy":"product_cat","embeddable":true,"href":"https:\/\/silk-pajamas.com\/de\/wp-json\/wp\/v2\/product_cat?post=679"},{"taxonomy":"product_tag","embeddable":true,"href":"https:\/\/silk-pajamas.com\/de\/wp-json\/wp\/v2\/product_tag?post=679"}],"curies":[{"name":"wp","href":"https:\/\/api.w.org\/{rel}","templated":true}]}}