{"id":681,"date":"2026-04-12T15:43:17","date_gmt":"2026-04-12T15:43:17","guid":{"rendered":"https:\/\/silk-pajamas.com\/19-momme-charmeuse-silk-bonnet-long-hair-leopard\/"},"modified":"2026-05-08T09:45:50","modified_gmt":"2026-05-08T09:45:50","slug":"19-momme-charmeuse-silk-bonnet-long-hair-leopard","status":"publish","type":"product","link":"https:\/\/silk-pajamas.com\/de\/19-momme-charmeuse-silk-bonnet-long-hair-leopard\/","title":{"rendered":"19 Momme Charmeuse Seidenhaube Langes Haar Leopard"},"content":{"rendered":"<p>Diese Schlafhaube aus 19 Momme-Charmeuse-Seide kombiniert lange Haare mit einem weichen Glanz und einem atmungsaktiven Gef\u00fchl. Das Leoparden-Finish verleiht ihr einen raffinierten Look, w\u00e4hrend die Gr\u00f6\u00dfe Custom den Kernbedarf abdeckt. Geeignet f\u00fcr die Pflege von langem Haar und f\u00fcr die Fr\u00fchlingsgarderobe. Kalt von Hand waschen und an der Luft trocknen.<\/p>","protected":false},"excerpt":{"rendered":"<p>19 Momme Charmeuse Seiden-Schlafm\u00fctze in Leopard. Long Hair Finish, thermoregulierendes Gef\u00fchl und Gr\u00f6\u00dfenbereich Custom. Gebrauch: F\u00fcr die Pflege von langem Haar.<\/p>","protected":false},"featured_media":2282,"template":"","meta":{"_gspb_post_css":""},"product_brand":[],"product_cat":[35],"product_tag":[371,364,372],"class_list":{"0":"post-681","1":"product","2":"type-product","3":"status-publish","4":"has-post-thumbnail","6":"product_cat-silk-bonnets","7":"product_tag-19-momme-silk-bonnet-leopard","8":"product_tag-charmeuse-silk-bonnet-long-hair","9":"product_tag-wholesale-silk-bonnet-for-long-hair-care","11":"first","12":"instock","13":"shipping-taxable","14":"purchasable","15":"product-type-simple"},"_links":{"self":[{"href":"https:\/\/silk-pajamas.com\/de\/wp-json\/wp\/v2\/product\/681","targetHints":{"allow":["GET"]}}],"collection":[{"href":"https:\/\/silk-pajamas.com\/de\/wp-json\/wp\/v2\/product"}],"about":[{"href":"https:\/\/silk-pajamas.com\/de\/wp-json\/wp\/v2\/types\/product"}],"wp:featuredmedia":[{"embeddable":true,"href":"https:\/\/silk-pajamas.com\/de\/wp-json\/wp\/v2\/media\/2282"}],"wp:attachment":[{"href":"https:\/\/silk-pajamas.com\/de\/wp-json\/wp\/v2\/media?parent=681"}],"wp:term":[{"taxonomy":"product_brand","embeddable":true,"href":"https:\/\/silk-pajamas.com\/de\/wp-json\/wp\/v2\/product_brand?post=681"},{"taxonomy":"product_cat","embeddable":true,"href":"https:\/\/silk-pajamas.com\/de\/wp-json\/wp\/v2\/product_cat?post=681"},{"taxonomy":"product_tag","embeddable":true,"href":"https:\/\/silk-pajamas.com\/de\/wp-json\/wp\/v2\/product_tag?post=681"}],"curies":[{"name":"wp","href":"https:\/\/api.w.org\/{rel}","templated":true}]}}