{"id":682,"date":"2026-04-12T15:43:19","date_gmt":"2026-04-12T15:43:19","guid":{"rendered":"https:\/\/silk-pajamas.com\/19-momme-soft-shine-mulberry-silk-bonnet-wide-band-rose\/"},"modified":"2026-05-08T07:57:45","modified_gmt":"2026-05-08T07:57:45","slug":"19-momme-soft-shine-mulberry-silk-bonnet-wide-band-rose","status":"publish","type":"product","link":"https:\/\/silk-pajamas.com\/de\/19-momme-soft-shine-mulberry-silk-bonnet-wide-band-rose\/","title":{"rendered":"19 Momme Soft Shine Maulbeerseidenhaube Breites Band Rose"},"content":{"rendered":"<p>Diese Schlafhaube aus 19 momme weich gl\u00e4nzender Seide bietet einen weichen Griff, ein sanftes Hautgef\u00fchl und elegante Bewegungen. Die breite Bandkonstruktion und die rosafarbene Farbe sorgen f\u00fcr einen gl\u00e4nzenden Look bei der Haarpflege \u00fcber Nacht. Erh\u00e4ltlich in Einheitsgr\u00f6\u00dfe. Kalt von Hand waschen und an der Luft trocknen.<\/p>","protected":false},"excerpt":{"rendered":"<p>19 Momme Soft Shine Seidenschlafm\u00fctze in Rose. Mit breitem Band, weichem Griff und der Gr\u00f6\u00dfe One Size. Entworfen f\u00fcr die Haarpflege \u00fcber Nacht.<\/p>","protected":false},"featured_media":2223,"template":"","meta":{"_gspb_post_css":""},"product_brand":[],"product_cat":[35],"product_tag":[373,362,361],"class_list":{"0":"post-682","1":"product","2":"type-product","3":"status-publish","4":"has-post-thumbnail","6":"product_cat-silk-bonnets","7":"product_tag-19-momme-silk-bonnet-rose","8":"product_tag-manufacturer-silk-bonnet-for-overnight-hair-care","9":"product_tag-soft-shine-silk-bonnet-wide-band","11":"first","12":"instock","13":"featured","14":"shipping-taxable","15":"purchasable","16":"product-type-simple"},"_links":{"self":[{"href":"https:\/\/silk-pajamas.com\/de\/wp-json\/wp\/v2\/product\/682","targetHints":{"allow":["GET"]}}],"collection":[{"href":"https:\/\/silk-pajamas.com\/de\/wp-json\/wp\/v2\/product"}],"about":[{"href":"https:\/\/silk-pajamas.com\/de\/wp-json\/wp\/v2\/types\/product"}],"wp:featuredmedia":[{"embeddable":true,"href":"https:\/\/silk-pajamas.com\/de\/wp-json\/wp\/v2\/media\/2223"}],"wp:attachment":[{"href":"https:\/\/silk-pajamas.com\/de\/wp-json\/wp\/v2\/media?parent=682"}],"wp:term":[{"taxonomy":"product_brand","embeddable":true,"href":"https:\/\/silk-pajamas.com\/de\/wp-json\/wp\/v2\/product_brand?post=682"},{"taxonomy":"product_cat","embeddable":true,"href":"https:\/\/silk-pajamas.com\/de\/wp-json\/wp\/v2\/product_cat?post=682"},{"taxonomy":"product_tag","embeddable":true,"href":"https:\/\/silk-pajamas.com\/de\/wp-json\/wp\/v2\/product_tag?post=682"}],"curies":[{"name":"wp","href":"https:\/\/api.w.org\/{rel}","templated":true}]}}