{"id":683,"date":"2026-04-12T15:43:19","date_gmt":"2026-04-12T15:43:19","guid":{"rendered":"https:\/\/silk-pajamas.com\/19-momme-double-layer-silk-bonnet-elastic-edge-sky-blue\/"},"modified":"2026-05-08T08:17:31","modified_gmt":"2026-05-08T08:17:31","slug":"19-momme-double-layer-silk-bonnet-elastic-edge-sky-blue","status":"publish","type":"product","link":"https:\/\/silk-pajamas.com\/de\/19-momme-double-layer-silk-bonnet-elastic-edge-sky-blue\/","title":{"rendered":"19 Momme Doppellagige Seidenhaube Elastischer Rand Himmelblau"},"content":{"rendered":"<p>Diese Schlafm\u00fctze aus doppellagiger Seide mit 19 Momme kombiniert elastische Kanten mit weichem Glanz und atmungsaktivem Tragegef\u00fchl. Das himmelblaue Finish verleiht ihr einen raffinierten Look, w\u00e4hrend die Gr\u00f6\u00dfe Custom dazu beitr\u00e4gt, den Kernbedarf zu decken. Geeignet f\u00fcr die Haarpflege \u00fcber Nacht und die Fr\u00fchlingsgarderobe. Kalt von Hand waschen und an der Luft trocknen.<\/p>","protected":false},"excerpt":{"rendered":"<p>19 Momme Double Layer Seide Schlafm\u00fctze in Sky Blue. Elastische Kantenverarbeitung, weicher Fall und Gr\u00f6\u00dfenauswahl nach Ma\u00df. Entworfen f\u00fcr die Haarpflege \u00fcber Nacht.<\/p>","protected":false},"featured_media":2229,"template":"","meta":{"_gspb_post_css":""},"product_brand":[],"product_cat":[35],"product_tag":[374,375,376],"class_list":{"0":"post-683","1":"product","2":"type-product","3":"status-publish","4":"has-post-thumbnail","6":"product_cat-silk-bonnets","7":"product_tag-19-momme-silk-bonnet-sky-blue","8":"product_tag-double-layer-silk-bonnet-elastic-edge","9":"product_tag-factory-silk-bonnet-for-overnight-hair-care","11":"first","12":"instock","13":"shipping-taxable","14":"purchasable","15":"product-type-simple"},"_links":{"self":[{"href":"https:\/\/silk-pajamas.com\/de\/wp-json\/wp\/v2\/product\/683","targetHints":{"allow":["GET"]}}],"collection":[{"href":"https:\/\/silk-pajamas.com\/de\/wp-json\/wp\/v2\/product"}],"about":[{"href":"https:\/\/silk-pajamas.com\/de\/wp-json\/wp\/v2\/types\/product"}],"wp:featuredmedia":[{"embeddable":true,"href":"https:\/\/silk-pajamas.com\/de\/wp-json\/wp\/v2\/media\/2229"}],"wp:attachment":[{"href":"https:\/\/silk-pajamas.com\/de\/wp-json\/wp\/v2\/media?parent=683"}],"wp:term":[{"taxonomy":"product_brand","embeddable":true,"href":"https:\/\/silk-pajamas.com\/de\/wp-json\/wp\/v2\/product_brand?post=683"},{"taxonomy":"product_cat","embeddable":true,"href":"https:\/\/silk-pajamas.com\/de\/wp-json\/wp\/v2\/product_cat?post=683"},{"taxonomy":"product_tag","embeddable":true,"href":"https:\/\/silk-pajamas.com\/de\/wp-json\/wp\/v2\/product_tag?post=683"}],"curies":[{"name":"wp","href":"https:\/\/api.w.org\/{rel}","templated":true}]}}