{"id":684,"date":"2026-04-12T15:43:19","date_gmt":"2026-04-12T15:43:19","guid":{"rendered":"https:\/\/silk-pajamas.com\/25-momme-mulberry-silk-bonnet-elastic-edge-rose\/"},"modified":"2026-05-08T08:20:05","modified_gmt":"2026-05-08T08:20:05","slug":"25-momme-mulberry-silk-bonnet-elastic-edge-rose","status":"publish","type":"product","link":"https:\/\/silk-pajamas.com\/de\/25-momme-mulberry-silk-bonnet-elastic-edge-rose\/","title":{"rendered":"25 Momme Maulbeerseidenhaube Elastischer Rand Rose"},"content":{"rendered":"<p>Diese Schlafhaube aus 25 momme Maulbeerseide ist atmungsaktiv, f\u00fchlt sich sanft auf der Haut an und bietet elegante Bewegungsfreiheit. Der elastische Rand und die rosafarbene Farbe sorgen daf\u00fcr, dass der Look f\u00fcr die Haarpflege \u00fcber Nacht perfekt ist. Erh\u00e4ltlich in Custom. Kalt von Hand waschen und an der Luft trocknen.<\/p>","protected":false},"excerpt":{"rendered":"<p>25 Momme Mulberry Seide Schlafm\u00fctze in Rose. Elastische Kantenverarbeitung, atmungsaktives Gef\u00fchl und Gr\u00f6\u00dfenbereich Custom. Entworfen f\u00fcr die Haarpflege \u00fcber Nacht.<\/p>","protected":false},"featured_media":2234,"template":"","meta":{"_gspb_post_css":""},"product_brand":[],"product_cat":[35],"product_tag":[377,378,379],"class_list":{"0":"post-684","1":"product","2":"type-product","3":"status-publish","4":"has-post-thumbnail","6":"product_cat-silk-bonnets","7":"product_tag-25-momme-silk-bonnet-rose","8":"product_tag-mulberry-silk-bonnet-elastic-edge","9":"product_tag-wholesale-silk-bonnet-for-overnight-hair-care","11":"first","12":"instock","13":"shipping-taxable","14":"purchasable","15":"product-type-simple"},"_links":{"self":[{"href":"https:\/\/silk-pajamas.com\/de\/wp-json\/wp\/v2\/product\/684","targetHints":{"allow":["GET"]}}],"collection":[{"href":"https:\/\/silk-pajamas.com\/de\/wp-json\/wp\/v2\/product"}],"about":[{"href":"https:\/\/silk-pajamas.com\/de\/wp-json\/wp\/v2\/types\/product"}],"wp:featuredmedia":[{"embeddable":true,"href":"https:\/\/silk-pajamas.com\/de\/wp-json\/wp\/v2\/media\/2234"}],"wp:attachment":[{"href":"https:\/\/silk-pajamas.com\/de\/wp-json\/wp\/v2\/media?parent=684"}],"wp:term":[{"taxonomy":"product_brand","embeddable":true,"href":"https:\/\/silk-pajamas.com\/de\/wp-json\/wp\/v2\/product_brand?post=684"},{"taxonomy":"product_cat","embeddable":true,"href":"https:\/\/silk-pajamas.com\/de\/wp-json\/wp\/v2\/product_cat?post=684"},{"taxonomy":"product_tag","embeddable":true,"href":"https:\/\/silk-pajamas.com\/de\/wp-json\/wp\/v2\/product_tag?post=684"}],"curies":[{"name":"wp","href":"https:\/\/api.w.org\/{rel}","templated":true}]}}