{"id":688,"date":"2026-04-12T15:43:19","date_gmt":"2026-04-12T15:43:19","guid":{"rendered":"https:\/\/silk-pajamas.com\/25-momme-charmeuse-mulberry-silk-bonnet-wide-band-rose\/"},"modified":"2026-05-08T08:50:22","modified_gmt":"2026-05-08T08:50:22","slug":"25-momme-charmeuse-mulberry-silk-bonnet-wide-band-rose","status":"publish","type":"product","link":"https:\/\/silk-pajamas.com\/de\/25-momme-charmeuse-mulberry-silk-bonnet-wide-band-rose\/","title":{"rendered":"25 Momme Charmeuse Maulbeerseide Haube breites Band Rose"},"content":{"rendered":"<p>Diese Schlafm\u00fctze ist aus 25 Momme-Charmeuse-Seide in einem Ros\u00e9-Ton gefertigt. Sie zeichnet sich durch ein breites Band, ein weiches Handgef\u00fchl und einen angenehmen Fall f\u00fcr langes Haar aus. Der Stil unterst\u00fctzt die Gr\u00f6\u00dfe Custom und eignet sich gut f\u00fcr Sommerkleidung, Geschenke und t\u00e4glichen Komfort. Kalt von Hand waschen und an der Luft trocknen.<\/p>","protected":false},"excerpt":{"rendered":"<p>25 Momme Charmeuse Seide Schlafm\u00fctze in Rose. Breites Band-Finish, atmungsaktives Gef\u00fchl und Gr\u00f6\u00dfenbereich Custom. Entworfen f\u00fcr lange Haare Pflege.<\/p>","protected":false},"featured_media":2225,"template":"","meta":{"_gspb_post_css":""},"product_brand":[],"product_cat":[35],"product_tag":[377,387,388],"class_list":{"0":"post-688","1":"product","2":"type-product","3":"status-publish","4":"has-post-thumbnail","6":"product_cat-silk-bonnets","7":"product_tag-25-momme-silk-bonnet-rose","8":"product_tag-charmeuse-silk-bonnet-wide-band","9":"product_tag-factory-silk-bonnet-for-long-hair-care","11":"first","12":"instock","13":"shipping-taxable","14":"purchasable","15":"product-type-simple"},"_links":{"self":[{"href":"https:\/\/silk-pajamas.com\/de\/wp-json\/wp\/v2\/product\/688","targetHints":{"allow":["GET"]}}],"collection":[{"href":"https:\/\/silk-pajamas.com\/de\/wp-json\/wp\/v2\/product"}],"about":[{"href":"https:\/\/silk-pajamas.com\/de\/wp-json\/wp\/v2\/types\/product"}],"wp:featuredmedia":[{"embeddable":true,"href":"https:\/\/silk-pajamas.com\/de\/wp-json\/wp\/v2\/media\/2225"}],"wp:attachment":[{"href":"https:\/\/silk-pajamas.com\/de\/wp-json\/wp\/v2\/media?parent=688"}],"wp:term":[{"taxonomy":"product_brand","embeddable":true,"href":"https:\/\/silk-pajamas.com\/de\/wp-json\/wp\/v2\/product_brand?post=688"},{"taxonomy":"product_cat","embeddable":true,"href":"https:\/\/silk-pajamas.com\/de\/wp-json\/wp\/v2\/product_cat?post=688"},{"taxonomy":"product_tag","embeddable":true,"href":"https:\/\/silk-pajamas.com\/de\/wp-json\/wp\/v2\/product_tag?post=688"}],"curies":[{"name":"wp","href":"https:\/\/api.w.org\/{rel}","templated":true}]}}