{"id":689,"date":"2026-04-12T15:43:19","date_gmt":"2026-04-12T15:43:19","guid":{"rendered":"https:\/\/silk-pajamas.com\/25-momme-double-layer-silk-bonnet-double-layer-black\/"},"modified":"2026-05-08T08:51:04","modified_gmt":"2026-05-08T08:51:04","slug":"25-momme-double-layer-silk-bonnet-double-layer-black","status":"publish","type":"product","link":"https:\/\/silk-pajamas.com\/de\/25-momme-double-layer-silk-bonnet-double-layer-black\/","title":{"rendered":"25 Momme Double Layer Seidenhaube Double Layer Schwarz"},"content":{"rendered":"<p>Diese Schlafm\u00fctze aus doppellagiger Seide mit 25 Momme kombiniert doppellagige Details mit einem weichen Glanz und einem atmungsaktiven Gef\u00fchl. Das schwarze Finish verleiht ihm einen raffinierten Look, w\u00e4hrend die Gr\u00f6\u00dfe Custom hilft, den Kernbedarf zu decken. Geeignet f\u00fcr die Pflege von lockigem Haar und f\u00fcr die Sommergarderobe. Kalt von Hand waschen und an der Luft trocknen.<\/p>","protected":false},"excerpt":{"rendered":"<p>25 Momme Double Layer Seide Schlafm\u00fctze in Schwarz. Doppellagige Verarbeitung, knitterfreies Gef\u00fchl und Gr\u00f6\u00dfenauswahl nach Ma\u00df. Entworfen f\u00fcr lockiges Haar Pflege.<\/p>","protected":false},"featured_media":2207,"template":"","meta":{"_gspb_post_css":""},"product_brand":[],"product_cat":[35],"product_tag":[389,390,382],"class_list":{"0":"post-689","1":"product","2":"type-product","3":"status-publish","4":"has-post-thumbnail","6":"product_cat-silk-bonnets","7":"product_tag-25-momme-silk-bonnet-black","8":"product_tag-double-layer-silk-bonnet-double-layer","9":"product_tag-supplier-silk-bonnet-for-curly-hair-care","11":"first","12":"instock","13":"shipping-taxable","14":"purchasable","15":"product-type-simple"},"_links":{"self":[{"href":"https:\/\/silk-pajamas.com\/de\/wp-json\/wp\/v2\/product\/689","targetHints":{"allow":["GET"]}}],"collection":[{"href":"https:\/\/silk-pajamas.com\/de\/wp-json\/wp\/v2\/product"}],"about":[{"href":"https:\/\/silk-pajamas.com\/de\/wp-json\/wp\/v2\/types\/product"}],"wp:featuredmedia":[{"embeddable":true,"href":"https:\/\/silk-pajamas.com\/de\/wp-json\/wp\/v2\/media\/2207"}],"wp:attachment":[{"href":"https:\/\/silk-pajamas.com\/de\/wp-json\/wp\/v2\/media?parent=689"}],"wp:term":[{"taxonomy":"product_brand","embeddable":true,"href":"https:\/\/silk-pajamas.com\/de\/wp-json\/wp\/v2\/product_brand?post=689"},{"taxonomy":"product_cat","embeddable":true,"href":"https:\/\/silk-pajamas.com\/de\/wp-json\/wp\/v2\/product_cat?post=689"},{"taxonomy":"product_tag","embeddable":true,"href":"https:\/\/silk-pajamas.com\/de\/wp-json\/wp\/v2\/product_tag?post=689"}],"curies":[{"name":"wp","href":"https:\/\/api.w.org\/{rel}","templated":true}]}}