{"id":690,"date":"2026-04-12T15:43:20","date_gmt":"2026-04-12T15:43:20","guid":{"rendered":"https:\/\/silk-pajamas.com\/25-momme-charmeuse-silk-bonnet-wide-band-leopard\/"},"modified":"2026-05-08T07:28:26","modified_gmt":"2026-05-08T07:28:26","slug":"25-momme-charmeuse-silk-bonnet-wide-band-leopard","status":"publish","type":"product","link":"https:\/\/silk-pajamas.com\/de\/25-momme-charmeuse-silk-bonnet-wide-band-leopard\/","title":{"rendered":"25 Momme Charmeuse Seidenhaube Breites Band Leopard"},"content":{"rendered":"<p>Diese Schlafhaube aus 25 Momme-Charmeuse-Seide ist knitterfrei, f\u00fchlt sich angenehm auf der Haut an und l\u00e4sst sich elegant bewegen. Die breite Bandkonstruktion und die Leopardenfarbe sorgen f\u00fcr einen eleganten Look bei der Pflege von langem Haar. Erh\u00e4ltlich in Custom. Kalt von Hand waschen und an der Luft trocknen.<\/p>","protected":false},"excerpt":{"rendered":"<p>25 Momme Charmeuse Seide Schlafm\u00fctze in Leopard. Breites Band-Finish, knitterfreies Gef\u00fchl und Gr\u00f6\u00dfenbereich Custom. Entworfen f\u00fcr lange Haare Pflege.<\/p>","protected":false},"featured_media":2183,"template":"","meta":{"_gspb_post_css":""},"product_brand":[],"product_cat":[35],"product_tag":[391,387,388],"class_list":{"0":"post-690","1":"product","2":"type-product","3":"status-publish","4":"has-post-thumbnail","6":"product_cat-silk-bonnets","7":"product_tag-25-momme-silk-bonnet-leopard","8":"product_tag-charmeuse-silk-bonnet-wide-band","9":"product_tag-factory-silk-bonnet-for-long-hair-care","11":"first","12":"instock","13":"shipping-taxable","14":"purchasable","15":"product-type-simple"},"_links":{"self":[{"href":"https:\/\/silk-pajamas.com\/de\/wp-json\/wp\/v2\/product\/690","targetHints":{"allow":["GET"]}}],"collection":[{"href":"https:\/\/silk-pajamas.com\/de\/wp-json\/wp\/v2\/product"}],"about":[{"href":"https:\/\/silk-pajamas.com\/de\/wp-json\/wp\/v2\/types\/product"}],"wp:featuredmedia":[{"embeddable":true,"href":"https:\/\/silk-pajamas.com\/de\/wp-json\/wp\/v2\/media\/2183"}],"wp:attachment":[{"href":"https:\/\/silk-pajamas.com\/de\/wp-json\/wp\/v2\/media?parent=690"}],"wp:term":[{"taxonomy":"product_brand","embeddable":true,"href":"https:\/\/silk-pajamas.com\/de\/wp-json\/wp\/v2\/product_brand?post=690"},{"taxonomy":"product_cat","embeddable":true,"href":"https:\/\/silk-pajamas.com\/de\/wp-json\/wp\/v2\/product_cat?post=690"},{"taxonomy":"product_tag","embeddable":true,"href":"https:\/\/silk-pajamas.com\/de\/wp-json\/wp\/v2\/product_tag?post=690"}],"curies":[{"name":"wp","href":"https:\/\/api.w.org\/{rel}","templated":true}]}}