{"id":692,"date":"2026-04-12T15:43:20","date_gmt":"2026-04-12T15:43:20","guid":{"rendered":"https:\/\/silk-pajamas.com\/22-momme-soft-shine-silk-bonnet-wide-band-sage-factory\/"},"modified":"2026-05-08T07:32:38","modified_gmt":"2026-05-08T07:32:38","slug":"22-momme-soft-shine-silk-bonnet-wide-band-sage-factory","status":"publish","type":"product","link":"https:\/\/silk-pajamas.com\/de\/22-momme-soft-shine-silk-bonnet-wide-band-sage-factory\/","title":{"rendered":"22 Momme Soft Shine Seidenhaube breites Band Salbei Fabrik"},"content":{"rendered":"<p>Diese Schlafm\u00fctze aus 22 momme weich gl\u00e4nzender Seide kombiniert breite B\u00e4nder mit einem weichen Glanz und einem atmungsaktiven Gef\u00fchl. Das salbeifarbene Finish verleiht ihr einen raffinierten Look, w\u00e4hrend die Gr\u00f6\u00dfe One Size hilft, den Kernbedarf zu decken. Geeignet f\u00fcr die Haarpflege \u00fcber Nacht und die Herbstgarderobe. Kalt von Hand waschen und an der Luft trocknen.<\/p>","protected":false},"excerpt":{"rendered":"<p>22 Momme Soft Shine Seidenschlafm\u00fctze in Salbei. Breites Band, atmungsaktives Gef\u00fchl und Gr\u00f6\u00dfenauswahl One Size. Entworfen f\u00fcr die Haarpflege \u00fcber Nacht.<\/p>","protected":false},"featured_media":2188,"template":"","meta":{"_gspb_post_css":""},"product_brand":[],"product_cat":[35],"product_tag":[395,376,361],"class_list":{"0":"post-692","1":"product","2":"type-product","3":"status-publish","4":"has-post-thumbnail","6":"product_cat-silk-bonnets","7":"product_tag-22-momme-silk-bonnet-sage","8":"product_tag-factory-silk-bonnet-for-overnight-hair-care","9":"product_tag-soft-shine-silk-bonnet-wide-band","11":"first","12":"instock","13":"featured","14":"shipping-taxable","15":"purchasable","16":"product-type-simple"},"_links":{"self":[{"href":"https:\/\/silk-pajamas.com\/de\/wp-json\/wp\/v2\/product\/692","targetHints":{"allow":["GET"]}}],"collection":[{"href":"https:\/\/silk-pajamas.com\/de\/wp-json\/wp\/v2\/product"}],"about":[{"href":"https:\/\/silk-pajamas.com\/de\/wp-json\/wp\/v2\/types\/product"}],"wp:featuredmedia":[{"embeddable":true,"href":"https:\/\/silk-pajamas.com\/de\/wp-json\/wp\/v2\/media\/2188"}],"wp:attachment":[{"href":"https:\/\/silk-pajamas.com\/de\/wp-json\/wp\/v2\/media?parent=692"}],"wp:term":[{"taxonomy":"product_brand","embeddable":true,"href":"https:\/\/silk-pajamas.com\/de\/wp-json\/wp\/v2\/product_brand?post=692"},{"taxonomy":"product_cat","embeddable":true,"href":"https:\/\/silk-pajamas.com\/de\/wp-json\/wp\/v2\/product_cat?post=692"},{"taxonomy":"product_tag","embeddable":true,"href":"https:\/\/silk-pajamas.com\/de\/wp-json\/wp\/v2\/product_tag?post=692"}],"curies":[{"name":"wp","href":"https:\/\/api.w.org\/{rel}","templated":true}]}}