{"id":693,"date":"2026-04-12T15:43:20","date_gmt":"2026-04-12T15:43:20","guid":{"rendered":"https:\/\/silk-pajamas.com\/19-momme-charmeuse-silk-bonnet-double-layer-blush\/"},"modified":"2026-05-08T07:34:40","modified_gmt":"2026-05-08T07:34:40","slug":"19-momme-charmeuse-silk-bonnet-double-layer-blush","status":"publish","type":"product","link":"https:\/\/silk-pajamas.com\/de\/19-momme-charmeuse-silk-bonnet-double-layer-blush\/","title":{"rendered":"19 Momme Charmeuse Seidenhaube Double Layer Blush"},"content":{"rendered":"<p>Diese Schlafhaube ist aus 19 Momme-Charmeuse-Seide in einem err\u00f6tenden Ton gefertigt. Sie ist doppellagig, f\u00fchlt sich weich an und bietet einen angenehmen Fall f\u00fcr die Haarpflege \u00fcber Nacht. Das Modell ist f\u00fcr die Gr\u00f6\u00dfe One Size geeignet und eignet sich gut f\u00fcr den Sommer, zum Verschenken und f\u00fcr den t\u00e4glichen Komfort. Kalt von Hand waschen und an der Luft trocknen.<\/p>","protected":false},"excerpt":{"rendered":"<p>19 Momme Charmeuse Seide Schlafm\u00fctze in Blush. Doppellagige Verarbeitung, atmungsaktives Gef\u00fchl und Gr\u00f6\u00dfenauswahl One Size. Entworfen f\u00fcr die Haarpflege \u00fcber Nacht.<\/p>","protected":false},"featured_media":2196,"template":"","meta":{"_gspb_post_css":""},"product_brand":[],"product_cat":[35],"product_tag":[386,396,379],"class_list":{"0":"post-693","1":"product","2":"type-product","3":"status-publish","4":"has-post-thumbnail","6":"product_cat-silk-bonnets","7":"product_tag-19-momme-silk-bonnet-blush","8":"product_tag-charmeuse-silk-bonnet-double-layer","9":"product_tag-wholesale-silk-bonnet-for-overnight-hair-care","11":"first","12":"instock","13":"shipping-taxable","14":"purchasable","15":"product-type-simple"},"_links":{"self":[{"href":"https:\/\/silk-pajamas.com\/de\/wp-json\/wp\/v2\/product\/693","targetHints":{"allow":["GET"]}}],"collection":[{"href":"https:\/\/silk-pajamas.com\/de\/wp-json\/wp\/v2\/product"}],"about":[{"href":"https:\/\/silk-pajamas.com\/de\/wp-json\/wp\/v2\/types\/product"}],"wp:featuredmedia":[{"embeddable":true,"href":"https:\/\/silk-pajamas.com\/de\/wp-json\/wp\/v2\/media\/2196"}],"wp:attachment":[{"href":"https:\/\/silk-pajamas.com\/de\/wp-json\/wp\/v2\/media?parent=693"}],"wp:term":[{"taxonomy":"product_brand","embeddable":true,"href":"https:\/\/silk-pajamas.com\/de\/wp-json\/wp\/v2\/product_brand?post=693"},{"taxonomy":"product_cat","embeddable":true,"href":"https:\/\/silk-pajamas.com\/de\/wp-json\/wp\/v2\/product_cat?post=693"},{"taxonomy":"product_tag","embeddable":true,"href":"https:\/\/silk-pajamas.com\/de\/wp-json\/wp\/v2\/product_tag?post=693"}],"curies":[{"name":"wp","href":"https:\/\/api.w.org\/{rel}","templated":true}]}}