{"id":694,"date":"2026-04-12T15:43:20","date_gmt":"2026-04-12T15:43:20","guid":{"rendered":"https:\/\/silk-pajamas.com\/25-momme-double-layer-mulberry-silk-bonnet-custom-size-navy\/"},"modified":"2026-05-08T07:37:53","modified_gmt":"2026-05-08T07:37:53","slug":"25-momme-double-layer-mulberry-silk-bonnet-custom-size-navy","status":"publish","type":"product","link":"https:\/\/silk-pajamas.com\/de\/25-momme-double-layer-mulberry-silk-bonnet-custom-size-navy\/","title":{"rendered":"25 Momme Double Layer Maulbeerseidenhaube Benutzerdefinierte Gr\u00f6\u00dfe Navy"},"content":{"rendered":"<p>Diese Schlafm\u00fctze aus doppellagiger 25-Momme-Seide ist knitterfrei, f\u00fchlt sich sanft auf der Haut an und bietet elegante Bewegungsfreiheit. Die verstellbare Krawattenkonstruktion und die marineblaue Farbe halten den Look poliert und sch\u00fctzen das Geflecht. Erh\u00e4ltlich in Custom. Kalt von Hand waschen und an der Luft trocknen.<\/p>","protected":false},"excerpt":{"rendered":"<p>25 Momme Double Layer Seide Schlafm\u00fctze in Navy. Einstellbare Krawatte Finish, knitterfrei f\u00fchlen und Gr\u00f6\u00dfenbereich Custom. Entworfen f\u00fcr Zopfschutz.<\/p>","protected":false},"featured_media":2202,"template":"","meta":{"_gspb_post_css":""},"product_brand":[],"product_cat":[35],"product_tag":[397,398,385],"class_list":{"0":"post-694","1":"product","2":"type-product","3":"status-publish","4":"has-post-thumbnail","6":"product_cat-silk-bonnets","7":"product_tag-25-momme-silk-bonnet-navy","8":"product_tag-double-layer-silk-bonnet-adjustable-tie","9":"product_tag-wholesale-silk-bonnet-for-braid-protection","11":"first","12":"instock","13":"shipping-taxable","14":"purchasable","15":"product-type-simple"},"_links":{"self":[{"href":"https:\/\/silk-pajamas.com\/de\/wp-json\/wp\/v2\/product\/694","targetHints":{"allow":["GET"]}}],"collection":[{"href":"https:\/\/silk-pajamas.com\/de\/wp-json\/wp\/v2\/product"}],"about":[{"href":"https:\/\/silk-pajamas.com\/de\/wp-json\/wp\/v2\/types\/product"}],"wp:featuredmedia":[{"embeddable":true,"href":"https:\/\/silk-pajamas.com\/de\/wp-json\/wp\/v2\/media\/2202"}],"wp:attachment":[{"href":"https:\/\/silk-pajamas.com\/de\/wp-json\/wp\/v2\/media?parent=694"}],"wp:term":[{"taxonomy":"product_brand","embeddable":true,"href":"https:\/\/silk-pajamas.com\/de\/wp-json\/wp\/v2\/product_brand?post=694"},{"taxonomy":"product_cat","embeddable":true,"href":"https:\/\/silk-pajamas.com\/de\/wp-json\/wp\/v2\/product_cat?post=694"},{"taxonomy":"product_tag","embeddable":true,"href":"https:\/\/silk-pajamas.com\/de\/wp-json\/wp\/v2\/product_tag?post=694"}],"curies":[{"name":"wp","href":"https:\/\/api.w.org\/{rel}","templated":true}]}}