{"id":696,"date":"2026-04-12T15:43:20","date_gmt":"2026-04-12T15:43:20","guid":{"rendered":"https:\/\/silk-pajamas.com\/25-momme-soft-shine-silk-bonnet-elastic-edge-leopard\/"},"modified":"2026-05-08T07:40:31","modified_gmt":"2026-05-08T07:40:31","slug":"25-momme-soft-shine-silk-bonnet-elastic-edge-leopard","status":"publish","type":"product","link":"https:\/\/silk-pajamas.com\/de\/25-momme-soft-shine-silk-bonnet-elastic-edge-leopard\/","title":{"rendered":"25 Momme Soft Shine Seidenhaube Elastischer Rand Leopard"},"content":{"rendered":"<p>Diese Schlafhaube ist aus 25 momme weicher, gl\u00e4nzender Seide in einem Leopardenton gefertigt. Sie zeichnet sich durch einen elastischen Rand, ein weiches Handgef\u00fchl und einen bequemen Faltenwurf f\u00fcr die Haarpflege \u00fcber Nacht aus. Der Stil unterst\u00fctzt die Gr\u00f6\u00dfe Custom und eignet sich gut f\u00fcr Herbstkleidung, Geschenkartikel und t\u00e4glichen Komfort. Kalt von Hand waschen und an der Luft trocknen.<\/p>","protected":false},"excerpt":{"rendered":"<p>25 Momme Soft Shine Seide Schlafm\u00fctze in Leopard. Elastische Kantenverarbeitung, weicher Fall und Gr\u00f6\u00dfenauswahl nach Ma\u00df. Entworfen f\u00fcr die Haarpflege \u00fcber Nacht.<\/p>","protected":false},"featured_media":2178,"template":"","meta":{"_gspb_post_css":""},"product_brand":[],"product_cat":[35],"product_tag":[391,400,401],"class_list":{"0":"post-696","1":"product","2":"type-product","3":"status-publish","4":"has-post-thumbnail","6":"product_cat-silk-bonnets","7":"product_tag-25-momme-silk-bonnet-leopard","8":"product_tag-soft-shine-silk-bonnet-elastic-edge","9":"product_tag-supplier-silk-bonnet-for-overnight-hair-care","11":"first","12":"instock","13":"shipping-taxable","14":"purchasable","15":"product-type-simple"},"_links":{"self":[{"href":"https:\/\/silk-pajamas.com\/de\/wp-json\/wp\/v2\/product\/696","targetHints":{"allow":["GET"]}}],"collection":[{"href":"https:\/\/silk-pajamas.com\/de\/wp-json\/wp\/v2\/product"}],"about":[{"href":"https:\/\/silk-pajamas.com\/de\/wp-json\/wp\/v2\/types\/product"}],"wp:featuredmedia":[{"embeddable":true,"href":"https:\/\/silk-pajamas.com\/de\/wp-json\/wp\/v2\/media\/2178"}],"wp:attachment":[{"href":"https:\/\/silk-pajamas.com\/de\/wp-json\/wp\/v2\/media?parent=696"}],"wp:term":[{"taxonomy":"product_brand","embeddable":true,"href":"https:\/\/silk-pajamas.com\/de\/wp-json\/wp\/v2\/product_brand?post=696"},{"taxonomy":"product_cat","embeddable":true,"href":"https:\/\/silk-pajamas.com\/de\/wp-json\/wp\/v2\/product_cat?post=696"},{"taxonomy":"product_tag","embeddable":true,"href":"https:\/\/silk-pajamas.com\/de\/wp-json\/wp\/v2\/product_tag?post=696"}],"curies":[{"name":"wp","href":"https:\/\/api.w.org\/{rel}","templated":true}]}}