{"id":697,"date":"2026-04-12T15:43:20","date_gmt":"2026-04-12T15:43:20","guid":{"rendered":"https:\/\/silk-pajamas.com\/25-momme-mulberry-silk-eye-mask-padded-black-wholesale\/"},"modified":"2026-05-08T07:42:16","modified_gmt":"2026-05-08T07:42:16","slug":"25-momme-mulberry-silk-eye-mask-padded-black-wholesale","status":"publish","type":"product","link":"https:\/\/silk-pajamas.com\/de\/25-momme-mulberry-silk-eye-mask-padded-black-wholesale\/","title":{"rendered":"25 Momme Maulbeerseide Augenmaske gepolstert schwarz Gro\u00dfhandel"},"content":{"rendered":"<p>Diese gepolsterte Schlafmaske ist aus 25 momme Maulbeerseide in einem schwarzen Ton gefertigt. Sie ist gepolstert, f\u00fchlt sich weich an und ist f\u00fcr leichte Schl\u00e4fer geeignet. Der Stil unterst\u00fctzt die Gr\u00f6\u00dfe One Size und eignet sich gut f\u00fcr die ganze Saison tragen, Geschenk-und t\u00e4glichen Komfort. Fleckenreinigung oder Handw\u00e4sche kalt.<\/p>","protected":false},"excerpt":{"rendered":"<p>25 Momme Mulberry Seide gepolsterte Schlafmaske in Schwarz. Gepolstert, knitterfrei und in Einheitsgr\u00f6\u00dfe. Entworfen f\u00fcr leichte Schl\u00e4fer.<\/p>","protected":false},"featured_media":2207,"template":"","meta":{"_gspb_post_css":""},"product_brand":[],"product_cat":[37],"product_tag":[402,404,403],"class_list":{"0":"post-697","1":"product","2":"type-product","3":"status-publish","4":"has-post-thumbnail","6":"product_cat-silk-eye-masks","7":"product_tag-25-momme-silk-eye-mask-black","8":"product_tag-manufacturer-silk-eye-mask-for-light-sleepers","9":"product_tag-mulberry-silk-eye-mask-padded","11":"first","12":"instock","13":"featured","14":"shipping-taxable","15":"purchasable","16":"product-type-simple"},"_links":{"self":[{"href":"https:\/\/silk-pajamas.com\/de\/wp-json\/wp\/v2\/product\/697","targetHints":{"allow":["GET"]}}],"collection":[{"href":"https:\/\/silk-pajamas.com\/de\/wp-json\/wp\/v2\/product"}],"about":[{"href":"https:\/\/silk-pajamas.com\/de\/wp-json\/wp\/v2\/types\/product"}],"wp:featuredmedia":[{"embeddable":true,"href":"https:\/\/silk-pajamas.com\/de\/wp-json\/wp\/v2\/media\/2207"}],"wp:attachment":[{"href":"https:\/\/silk-pajamas.com\/de\/wp-json\/wp\/v2\/media?parent=697"}],"wp:term":[{"taxonomy":"product_brand","embeddable":true,"href":"https:\/\/silk-pajamas.com\/de\/wp-json\/wp\/v2\/product_brand?post=697"},{"taxonomy":"product_cat","embeddable":true,"href":"https:\/\/silk-pajamas.com\/de\/wp-json\/wp\/v2\/product_cat?post=697"},{"taxonomy":"product_tag","embeddable":true,"href":"https:\/\/silk-pajamas.com\/de\/wp-json\/wp\/v2\/product_tag?post=697"}],"curies":[{"name":"wp","href":"https:\/\/api.w.org\/{rel}","templated":true}]}}