{"id":698,"date":"2026-04-12T15:43:20","date_gmt":"2026-04-12T15:43:20","guid":{"rendered":"https:\/\/silk-pajamas.com\/19-momme-double-layer-silk-eye-mask-travel-pearl\/"},"modified":"2026-05-08T07:42:39","modified_gmt":"2026-05-08T07:42:39","slug":"19-momme-double-layer-silk-eye-mask-travel-pearl","status":"publish","type":"product","link":"https:\/\/silk-pajamas.com\/de\/19-momme-double-layer-silk-eye-mask-travel-pearl\/","title":{"rendered":"19 Momme Double Layer Silk Eye Mask Travel Pearl"},"content":{"rendered":"<p>Diese gepolsterte Schlafmaske aus doppellagiger Seide mit 19 Momme kombiniert Details f\u00fcr die Reise mit einem weichen Glanz und einem atmungsaktiven Gef\u00fchl. Das Perlenfinish verleiht ihr einen raffinierten Look, w\u00e4hrend die Gr\u00f6\u00dfe One Size hilft, den Kernbedarf zu decken. Geeignet f\u00fcr leichte Schl\u00e4fer und die Herbstgarderobe. Fleckenreinigung oder kalte Handw\u00e4sche.<\/p>","protected":false},"excerpt":{"rendered":"<p>19 Momme Double Layer Seide gepolsterte Schlafmaske in Pearl. Reisetauglich, knitterfrei und in der Gr\u00f6\u00dfe One Size. Entworfen f\u00fcr leichte Schl\u00e4fer.<\/p>","protected":false},"featured_media":2162,"template":"","meta":{"_gspb_post_css":""},"product_brand":[],"product_cat":[37],"product_tag":[405,406,404],"class_list":{"0":"post-698","1":"product","2":"type-product","3":"status-publish","4":"has-post-thumbnail","6":"product_cat-silk-eye-masks","7":"product_tag-19-momme-silk-eye-mask-pearl","8":"product_tag-double-layer-silk-eye-mask-travel","9":"product_tag-manufacturer-silk-eye-mask-for-light-sleepers","11":"first","12":"instock","13":"shipping-taxable","14":"purchasable","15":"product-type-simple"},"_links":{"self":[{"href":"https:\/\/silk-pajamas.com\/de\/wp-json\/wp\/v2\/product\/698","targetHints":{"allow":["GET"]}}],"collection":[{"href":"https:\/\/silk-pajamas.com\/de\/wp-json\/wp\/v2\/product"}],"about":[{"href":"https:\/\/silk-pajamas.com\/de\/wp-json\/wp\/v2\/types\/product"}],"wp:featuredmedia":[{"embeddable":true,"href":"https:\/\/silk-pajamas.com\/de\/wp-json\/wp\/v2\/media\/2162"}],"wp:attachment":[{"href":"https:\/\/silk-pajamas.com\/de\/wp-json\/wp\/v2\/media?parent=698"}],"wp:term":[{"taxonomy":"product_brand","embeddable":true,"href":"https:\/\/silk-pajamas.com\/de\/wp-json\/wp\/v2\/product_brand?post=698"},{"taxonomy":"product_cat","embeddable":true,"href":"https:\/\/silk-pajamas.com\/de\/wp-json\/wp\/v2\/product_cat?post=698"},{"taxonomy":"product_tag","embeddable":true,"href":"https:\/\/silk-pajamas.com\/de\/wp-json\/wp\/v2\/product_tag?post=698"}],"curies":[{"name":"wp","href":"https:\/\/api.w.org\/{rel}","templated":true}]}}