{"id":699,"date":"2026-04-12T15:43:20","date_gmt":"2026-04-12T15:43:20","guid":{"rendered":"https:\/\/silk-pajamas.com\/19-momme-charmeuse-silk-eye-mask-cooling-wine-supplier\/"},"modified":"2026-05-08T07:42:59","modified_gmt":"2026-05-08T07:42:59","slug":"19-momme-charmeuse-silk-eye-mask-cooling-wine-supplier","status":"publish","type":"product","link":"https:\/\/silk-pajamas.com\/de\/19-momme-charmeuse-silk-eye-mask-cooling-wine-supplier\/","title":{"rendered":"19 Momme Charmeuse Seide Augenmaske K\u00fchlung Wein Lieferant"},"content":{"rendered":"<p>Diese gepolsterte Schlafmaske aus 19 Momme-Charmeuse-Seide kombiniert k\u00fchlende Details mit einem weichen Glanz und einem atmungsaktiven Gef\u00fchl. Das weinrote Finish verleiht ihr einen raffinierten Look, w\u00e4hrend die Gr\u00f6\u00dfe One Size hilft, den Kernbedarf zu decken. Geeignet f\u00fcr Wellnessprogramme und Herbstgarderobe. Fleckenreinigung oder kalte Handw\u00e4sche.<\/p>","protected":false},"excerpt":{"rendered":"<p>19 Momme Charmeuse Seide gepolsterte Schlafmaske in Wein. K\u00fchlendes Finish, knitterfreies Gef\u00fchl und Gr\u00f6\u00dfenbereich One Size. Entworfen f\u00fcr Spa-Programme.<\/p>","protected":false},"featured_media":2152,"template":"","meta":{"_gspb_post_css":""},"product_brand":[],"product_cat":[37],"product_tag":[407,408,409],"class_list":{"0":"post-699","1":"product","2":"type-product","3":"status-publish","4":"has-post-thumbnail","6":"product_cat-silk-eye-masks","7":"product_tag-19-momme-silk-eye-mask-wine","8":"product_tag-charmeuse-silk-eye-mask-cooling","9":"product_tag-manufacturer-silk-eye-mask-for-spa-programs","11":"first","12":"instock","13":"shipping-taxable","14":"purchasable","15":"product-type-simple"},"_links":{"self":[{"href":"https:\/\/silk-pajamas.com\/de\/wp-json\/wp\/v2\/product\/699","targetHints":{"allow":["GET"]}}],"collection":[{"href":"https:\/\/silk-pajamas.com\/de\/wp-json\/wp\/v2\/product"}],"about":[{"href":"https:\/\/silk-pajamas.com\/de\/wp-json\/wp\/v2\/types\/product"}],"wp:featuredmedia":[{"embeddable":true,"href":"https:\/\/silk-pajamas.com\/de\/wp-json\/wp\/v2\/media\/2152"}],"wp:attachment":[{"href":"https:\/\/silk-pajamas.com\/de\/wp-json\/wp\/v2\/media?parent=699"}],"wp:term":[{"taxonomy":"product_brand","embeddable":true,"href":"https:\/\/silk-pajamas.com\/de\/wp-json\/wp\/v2\/product_brand?post=699"},{"taxonomy":"product_cat","embeddable":true,"href":"https:\/\/silk-pajamas.com\/de\/wp-json\/wp\/v2\/product_cat?post=699"},{"taxonomy":"product_tag","embeddable":true,"href":"https:\/\/silk-pajamas.com\/de\/wp-json\/wp\/v2\/product_tag?post=699"}],"curies":[{"name":"wp","href":"https:\/\/api.w.org\/{rel}","templated":true}]}}