{"id":702,"date":"2026-04-12T15:43:20","date_gmt":"2026-04-12T15:43:20","guid":{"rendered":"https:\/\/silk-pajamas.com\/19-momme-charmeuse-mulberry-silk-eye-mask-cooling-sage\/"},"modified":"2026-05-08T07:52:10","modified_gmt":"2026-05-08T07:52:10","slug":"19-momme-charmeuse-mulberry-silk-eye-mask-cooling-sage","status":"publish","type":"product","link":"https:\/\/silk-pajamas.com\/de\/19-momme-charmeuse-mulberry-silk-eye-mask-cooling-sage\/","title":{"rendered":"19 Momme Charmeuse Maulbeerseide Augenmaske K\u00fchlende Salbei"},"content":{"rendered":"<p>Diese gepolsterte Schlafmaske aus 19 Momme-Charmeuse-Seide kombiniert k\u00fchlende Details mit einem weichen Glanz und einem atmungsaktiven Gef\u00fchl. Das salbeifarbene Finish verleiht ihr einen raffinierten Look, w\u00e4hrend die Gr\u00f6\u00dfe One Size den Kernbedarf abdeckt. Geeignet f\u00fcr die Reise und die ganze Saison. Fleckenreinigung oder kalte Handw\u00e4sche.<\/p>","protected":false},"excerpt":{"rendered":"<p>19 Momme Charmeuse Seide gepolsterte Schlafmaske in Salbei. K\u00fchlendes Finish, atmungsaktives Gef\u00fchl und Gr\u00f6\u00dfenauswahl One Size. F\u00fcr den Einsatz auf Reisen konzipiert.<\/p>","protected":false},"featured_media":2221,"template":"","meta":{"_gspb_post_css":""},"product_brand":[],"product_cat":[37],"product_tag":[415,408,416],"class_list":{"0":"post-702","1":"product","2":"type-product","3":"status-publish","4":"has-post-thumbnail","6":"product_cat-silk-eye-masks","7":"product_tag-19-momme-silk-eye-mask-sage","8":"product_tag-charmeuse-silk-eye-mask-cooling","9":"product_tag-vendor-silk-eye-mask-for-travel-use","11":"first","12":"instock","13":"featured","14":"shipping-taxable","15":"purchasable","16":"product-type-simple"},"_links":{"self":[{"href":"https:\/\/silk-pajamas.com\/de\/wp-json\/wp\/v2\/product\/702","targetHints":{"allow":["GET"]}}],"collection":[{"href":"https:\/\/silk-pajamas.com\/de\/wp-json\/wp\/v2\/product"}],"about":[{"href":"https:\/\/silk-pajamas.com\/de\/wp-json\/wp\/v2\/types\/product"}],"wp:featuredmedia":[{"embeddable":true,"href":"https:\/\/silk-pajamas.com\/de\/wp-json\/wp\/v2\/media\/2221"}],"wp:attachment":[{"href":"https:\/\/silk-pajamas.com\/de\/wp-json\/wp\/v2\/media?parent=702"}],"wp:term":[{"taxonomy":"product_brand","embeddable":true,"href":"https:\/\/silk-pajamas.com\/de\/wp-json\/wp\/v2\/product_brand?post=702"},{"taxonomy":"product_cat","embeddable":true,"href":"https:\/\/silk-pajamas.com\/de\/wp-json\/wp\/v2\/product_cat?post=702"},{"taxonomy":"product_tag","embeddable":true,"href":"https:\/\/silk-pajamas.com\/de\/wp-json\/wp\/v2\/product_tag?post=702"}],"curies":[{"name":"wp","href":"https:\/\/api.w.org\/{rel}","templated":true}]}}