{"id":703,"date":"2026-04-12T15:43:21","date_gmt":"2026-04-12T15:43:21","guid":{"rendered":"https:\/\/silk-pajamas.com\/25-momme-double-layer-mulberry-silk-eye-mask-travel-wine\/"},"modified":"2026-05-08T07:00:10","modified_gmt":"2026-05-08T07:00:10","slug":"25-momme-double-layer-mulberry-silk-eye-mask-travel-wine","status":"publish","type":"product","link":"https:\/\/silk-pajamas.com\/de\/25-momme-double-layer-mulberry-silk-eye-mask-travel-wine\/","title":{"rendered":"25 Momme Double Layer Maulbeerseide Augenmaske Reise Wein"},"content":{"rendered":"<p>Diese gepolsterte Schlafmaske aus doppellagiger Seide mit 25 Momme bietet einen weichen Griff, ein sanftes Hautgef\u00fchl und elegante Bewegungen. Die Reisekonstruktion und die weinrote Farbe sorgen f\u00fcr einen eleganten Look f\u00fcr leichte Schl\u00e4fer. Erh\u00e4ltlich in Einheitsgr\u00f6\u00dfe. Fleckenreinigung oder Handw\u00e4sche kalt.<\/p>","protected":false},"excerpt":{"rendered":"<p>25 Momme Double Layer Seide gepolsterte Schlafmaske in Wein. Reise-Finish, Soft-Touch-Gef\u00fchl und Gr\u00f6\u00dfenbereich One Size. Entworfen f\u00fcr leichte Schl\u00e4fer.<\/p>","protected":false},"featured_media":2152,"template":"","meta":{"_gspb_post_css":""},"product_brand":[],"product_cat":[37],"product_tag":[417,406,418],"class_list":{"0":"post-703","1":"product","2":"type-product","3":"status-publish","4":"has-post-thumbnail","6":"product_cat-silk-eye-masks","7":"product_tag-25-momme-silk-eye-mask-wine","8":"product_tag-double-layer-silk-eye-mask-travel","9":"product_tag-vendor-silk-eye-mask-for-light-sleepers","11":"first","12":"instock","13":"shipping-taxable","14":"purchasable","15":"product-type-simple"},"_links":{"self":[{"href":"https:\/\/silk-pajamas.com\/de\/wp-json\/wp\/v2\/product\/703","targetHints":{"allow":["GET"]}}],"collection":[{"href":"https:\/\/silk-pajamas.com\/de\/wp-json\/wp\/v2\/product"}],"about":[{"href":"https:\/\/silk-pajamas.com\/de\/wp-json\/wp\/v2\/types\/product"}],"wp:featuredmedia":[{"embeddable":true,"href":"https:\/\/silk-pajamas.com\/de\/wp-json\/wp\/v2\/media\/2152"}],"wp:attachment":[{"href":"https:\/\/silk-pajamas.com\/de\/wp-json\/wp\/v2\/media?parent=703"}],"wp:term":[{"taxonomy":"product_brand","embeddable":true,"href":"https:\/\/silk-pajamas.com\/de\/wp-json\/wp\/v2\/product_brand?post=703"},{"taxonomy":"product_cat","embeddable":true,"href":"https:\/\/silk-pajamas.com\/de\/wp-json\/wp\/v2\/product_cat?post=703"},{"taxonomy":"product_tag","embeddable":true,"href":"https:\/\/silk-pajamas.com\/de\/wp-json\/wp\/v2\/product_tag?post=703"}],"curies":[{"name":"wp","href":"https:\/\/api.w.org\/{rel}","templated":true}]}}