{"id":706,"date":"2026-04-12T15:43:21","date_gmt":"2026-04-12T15:43:21","guid":{"rendered":"https:\/\/silk-pajamas.com\/19-momme-double-layer-mulberry-silk-eye-mask-cooling-navy\/"},"modified":"2026-05-08T07:07:08","modified_gmt":"2026-05-08T07:07:08","slug":"19-momme-double-layer-mulberry-silk-eye-mask-cooling-navy","status":"publish","type":"product","link":"https:\/\/silk-pajamas.com\/de\/19-momme-double-layer-mulberry-silk-eye-mask-cooling-navy\/","title":{"rendered":"19 Momme Double Layer Maulbeerseide Augenmaske K\u00fchlung Navy"},"content":{"rendered":"<p>Diese gepolsterte Schlafmaske aus doppellagiger Seide mit 19 Momme kombiniert k\u00fchlende Details mit einem weichen Glanz und einem atmungsaktiven Gef\u00fchl. Das marineblaue Finish verleiht ihr einen raffinierten Look, w\u00e4hrend die Gr\u00f6\u00dfe One Size hilft, den Kernbedarf zu decken. Geeignet f\u00fcr leichte Schl\u00e4fer und die Herbstgarderobe. Fleckenreinigung oder kalte Handw\u00e4sche.<\/p>","protected":false},"excerpt":{"rendered":"<p>19 Momme Double Layer Seide gepolsterte Schlafmaske in Navy. K\u00fchlendes Finish, knitterfreies Gef\u00fchl und Gr\u00f6\u00dfenauswahl One Size. Entworfen f\u00fcr leichte Schl\u00e4fer.<\/p>","protected":false},"featured_media":2165,"template":"","meta":{"_gspb_post_css":""},"product_brand":[],"product_cat":[37],"product_tag":[425,426,424],"class_list":{"0":"post-706","1":"product","2":"type-product","3":"status-publish","4":"has-post-thumbnail","6":"product_cat-silk-eye-masks","7":"product_tag-19-momme-silk-eye-mask-navy","8":"product_tag-double-layer-silk-eye-mask-cooling","9":"product_tag-wholesale-silk-eye-mask-for-light-sleepers","11":"first","12":"instock","13":"shipping-taxable","14":"purchasable","15":"product-type-simple"},"_links":{"self":[{"href":"https:\/\/silk-pajamas.com\/de\/wp-json\/wp\/v2\/product\/706","targetHints":{"allow":["GET"]}}],"collection":[{"href":"https:\/\/silk-pajamas.com\/de\/wp-json\/wp\/v2\/product"}],"about":[{"href":"https:\/\/silk-pajamas.com\/de\/wp-json\/wp\/v2\/types\/product"}],"wp:featuredmedia":[{"embeddable":true,"href":"https:\/\/silk-pajamas.com\/de\/wp-json\/wp\/v2\/media\/2165"}],"wp:attachment":[{"href":"https:\/\/silk-pajamas.com\/de\/wp-json\/wp\/v2\/media?parent=706"}],"wp:term":[{"taxonomy":"product_brand","embeddable":true,"href":"https:\/\/silk-pajamas.com\/de\/wp-json\/wp\/v2\/product_brand?post=706"},{"taxonomy":"product_cat","embeddable":true,"href":"https:\/\/silk-pajamas.com\/de\/wp-json\/wp\/v2\/product_cat?post=706"},{"taxonomy":"product_tag","embeddable":true,"href":"https:\/\/silk-pajamas.com\/de\/wp-json\/wp\/v2\/product_tag?post=706"}],"curies":[{"name":"wp","href":"https:\/\/api.w.org\/{rel}","templated":true}]}}