{"id":709,"date":"2026-04-12T15:43:21","date_gmt":"2026-04-12T15:43:21","guid":{"rendered":"https:\/\/silk-pajamas.com\/19-momme-double-layer-mulberry-silk-eye-mask-one-size-wine\/"},"modified":"2026-05-08T07:23:35","modified_gmt":"2026-05-08T07:23:35","slug":"19-momme-double-layer-mulberry-silk-eye-mask-one-size-wine","status":"publish","type":"product","link":"https:\/\/silk-pajamas.com\/de\/19-momme-double-layer-mulberry-silk-eye-mask-one-size-wine\/","title":{"rendered":"19 Momme Double Layer Maulbeerseide Augenmaske Eine Gr\u00f6\u00dfe Wein"},"content":{"rendered":"<p>Diese gepolsterte Schlafmaske aus doppellagiger Seide mit 19 Momme kombiniert elastische B\u00e4nder mit einem weichen Glanz und einem atmungsaktiven Gef\u00fchl. Das weinrote Finish verleiht ihr einen raffinierten Look, w\u00e4hrend die Gr\u00f6\u00dfe One Size hilft, den Kernbedarf zu decken. Geeignet f\u00fcr Wellnessprogramme und Sommergarderobe. Fleckenreinigung oder kalte Handw\u00e4sche.<\/p>","protected":false},"excerpt":{"rendered":"<p>19 Momme Double Layer Seide gepolsterte Schlafmaske in Wein. Elastisches Band, weiches Tragegef\u00fchl und Einheitsgr\u00f6\u00dfe. Entworfen f\u00fcr Spa-Programme.<\/p>","protected":false},"featured_media":2173,"template":"","meta":{"_gspb_post_css":""},"product_brand":[],"product_cat":[37],"product_tag":[407,430,409],"class_list":{"0":"post-709","1":"product","2":"type-product","3":"status-publish","4":"has-post-thumbnail","6":"product_cat-silk-eye-masks","7":"product_tag-19-momme-silk-eye-mask-wine","8":"product_tag-double-layer-silk-eye-mask-elastic-strap","9":"product_tag-manufacturer-silk-eye-mask-for-spa-programs","11":"first","12":"instock","13":"shipping-taxable","14":"purchasable","15":"product-type-simple"},"_links":{"self":[{"href":"https:\/\/silk-pajamas.com\/de\/wp-json\/wp\/v2\/product\/709","targetHints":{"allow":["GET"]}}],"collection":[{"href":"https:\/\/silk-pajamas.com\/de\/wp-json\/wp\/v2\/product"}],"about":[{"href":"https:\/\/silk-pajamas.com\/de\/wp-json\/wp\/v2\/types\/product"}],"wp:featuredmedia":[{"embeddable":true,"href":"https:\/\/silk-pajamas.com\/de\/wp-json\/wp\/v2\/media\/2173"}],"wp:attachment":[{"href":"https:\/\/silk-pajamas.com\/de\/wp-json\/wp\/v2\/media?parent=709"}],"wp:term":[{"taxonomy":"product_brand","embeddable":true,"href":"https:\/\/silk-pajamas.com\/de\/wp-json\/wp\/v2\/product_brand?post=709"},{"taxonomy":"product_cat","embeddable":true,"href":"https:\/\/silk-pajamas.com\/de\/wp-json\/wp\/v2\/product_cat?post=709"},{"taxonomy":"product_tag","embeddable":true,"href":"https:\/\/silk-pajamas.com\/de\/wp-json\/wp\/v2\/product_tag?post=709"}],"curies":[{"name":"wp","href":"https:\/\/api.w.org\/{rel}","templated":true}]}}