{"id":710,"date":"2026-04-12T15:43:21","date_gmt":"2026-04-12T15:43:21","guid":{"rendered":"https:\/\/silk-pajamas.com\/19-momme-charmeuse-silk-eye-mask-travel-lilac-vendor\/"},"modified":"2026-05-08T07:24:02","modified_gmt":"2026-05-08T07:24:02","slug":"19-momme-charmeuse-silk-eye-mask-travel-lilac-vendor","status":"publish","type":"product","link":"https:\/\/silk-pajamas.com\/de\/19-momme-charmeuse-silk-eye-mask-travel-lilac-vendor\/","title":{"rendered":"19 Momme Charmeuse Seide Augenmaske Travel Lilac Verk\u00e4ufer"},"content":{"rendered":"<p>Diese gepolsterte Schlafmaske aus 19 Momme-Charmeuse-Seide bietet einen glatten Faltenwurf, ein sanftes Hautgef\u00fchl und elegante Bewegungen. Die Reisekonstruktion und die fliederfarbene Farbe sorgen f\u00fcr einen eleganten Look bei der Zusammenstellung von Geschenken. Erh\u00e4ltlich in Einheitsgr\u00f6\u00dfe. Fleckenreinigung oder Handw\u00e4sche kalt.<\/p>","protected":false},"excerpt":{"rendered":"<p>19 Momme Charmeuse Seide gepolsterte Schlafmaske in Flieder. Reisetaugliches Finish, weicher Faltenwurf und Gr\u00f6\u00dfenbereich One Size. Entworfen f\u00fcr Geschenksortimente.<\/p>","protected":false},"featured_media":2169,"template":"","meta":{"_gspb_post_css":""},"product_brand":[],"product_cat":[37],"product_tag":[431,432,433],"class_list":{"0":"post-710","1":"product","2":"type-product","3":"status-publish","4":"has-post-thumbnail","6":"product_cat-silk-eye-masks","7":"product_tag-19-momme-silk-eye-mask-lilac","8":"product_tag-charmeuse-silk-eye-mask-travel","9":"product_tag-wholesale-silk-eye-mask-for-gift-assortments","11":"first","12":"instock","13":"shipping-taxable","14":"purchasable","15":"product-type-simple"},"_links":{"self":[{"href":"https:\/\/silk-pajamas.com\/de\/wp-json\/wp\/v2\/product\/710","targetHints":{"allow":["GET"]}}],"collection":[{"href":"https:\/\/silk-pajamas.com\/de\/wp-json\/wp\/v2\/product"}],"about":[{"href":"https:\/\/silk-pajamas.com\/de\/wp-json\/wp\/v2\/types\/product"}],"wp:featuredmedia":[{"embeddable":true,"href":"https:\/\/silk-pajamas.com\/de\/wp-json\/wp\/v2\/media\/2169"}],"wp:attachment":[{"href":"https:\/\/silk-pajamas.com\/de\/wp-json\/wp\/v2\/media?parent=710"}],"wp:term":[{"taxonomy":"product_brand","embeddable":true,"href":"https:\/\/silk-pajamas.com\/de\/wp-json\/wp\/v2\/product_brand?post=710"},{"taxonomy":"product_cat","embeddable":true,"href":"https:\/\/silk-pajamas.com\/de\/wp-json\/wp\/v2\/product_cat?post=710"},{"taxonomy":"product_tag","embeddable":true,"href":"https:\/\/silk-pajamas.com\/de\/wp-json\/wp\/v2\/product_tag?post=710"}],"curies":[{"name":"wp","href":"https:\/\/api.w.org\/{rel}","templated":true}]}}