{"id":713,"date":"2026-04-12T15:43:22","date_gmt":"2026-04-12T15:43:22","guid":{"rendered":"https:\/\/silk-pajamas.com\/19-momme-soft-shine-silk-eye-mask-elastic-strap-sky-blue\/"},"modified":"2026-05-08T06:49:58","modified_gmt":"2026-05-08T06:49:58","slug":"19-momme-soft-shine-silk-eye-mask-elastic-strap-sky-blue","status":"publish","type":"product","link":"https:\/\/silk-pajamas.com\/de\/19-momme-soft-shine-silk-eye-mask-elastic-strap-sky-blue\/","title":{"rendered":"19 Momme Soft Shine Seide Augenmaske elastischen Riemen Himmel blau"},"content":{"rendered":"<p>Diese gepolsterte Schlafmaske aus 19 momme weich gl\u00e4nzender Seide kombiniert elastische B\u00e4nder mit einem sanften Glanz und einem atmungsaktiven Gef\u00fchl. Das himmelblaue Finish verleiht ihr einen raffinierten Look, w\u00e4hrend die Gr\u00f6\u00dfe One Size hilft, den Kernbedarf zu decken. Geeignet f\u00fcr Geschenksortimente und Sommergarderoben. Vor Ort reinigen oder kalt von Hand waschen.<\/p>","protected":false},"excerpt":{"rendered":"<p>19 Momme Soft Shine Seide gepolsterte Schlafmaske in Sky Blue. Elastisches Band, weiche Haptik und Gr\u00f6\u00dfenauswahl One Size. Entworfen f\u00fcr Geschenksortimente.<\/p>","protected":false},"featured_media":2150,"template":"","meta":{"_gspb_post_css":""},"product_brand":[],"product_cat":[37],"product_tag":[436,438,437],"class_list":{"0":"post-713","1":"product","2":"type-product","3":"status-publish","4":"has-post-thumbnail","6":"product_cat-silk-eye-masks","7":"product_tag-19-momme-silk-eye-mask-sky-blue","8":"product_tag-factory-silk-eye-mask-for-gift-assortments","9":"product_tag-soft-shine-silk-eye-mask-elastic-strap","11":"first","12":"instock","13":"shipping-taxable","14":"purchasable","15":"product-type-simple"},"_links":{"self":[{"href":"https:\/\/silk-pajamas.com\/de\/wp-json\/wp\/v2\/product\/713","targetHints":{"allow":["GET"]}}],"collection":[{"href":"https:\/\/silk-pajamas.com\/de\/wp-json\/wp\/v2\/product"}],"about":[{"href":"https:\/\/silk-pajamas.com\/de\/wp-json\/wp\/v2\/types\/product"}],"wp:featuredmedia":[{"embeddable":true,"href":"https:\/\/silk-pajamas.com\/de\/wp-json\/wp\/v2\/media\/2150"}],"wp:attachment":[{"href":"https:\/\/silk-pajamas.com\/de\/wp-json\/wp\/v2\/media?parent=713"}],"wp:term":[{"taxonomy":"product_brand","embeddable":true,"href":"https:\/\/silk-pajamas.com\/de\/wp-json\/wp\/v2\/product_brand?post=713"},{"taxonomy":"product_cat","embeddable":true,"href":"https:\/\/silk-pajamas.com\/de\/wp-json\/wp\/v2\/product_cat?post=713"},{"taxonomy":"product_tag","embeddable":true,"href":"https:\/\/silk-pajamas.com\/de\/wp-json\/wp\/v2\/product_tag?post=713"}],"curies":[{"name":"wp","href":"https:\/\/api.w.org\/{rel}","templated":true}]}}