{"id":714,"date":"2026-04-12T15:43:22","date_gmt":"2026-04-12T15:43:22","guid":{"rendered":"https:\/\/silk-pajamas.com\/25-momme-soft-shine-mulberry-silk-eye-mask-piped-wine\/"},"modified":"2026-05-08T06:53:00","modified_gmt":"2026-05-08T06:53:00","slug":"25-momme-soft-shine-mulberry-silk-eye-mask-piped-wine","status":"publish","type":"product","link":"https:\/\/silk-pajamas.com\/de\/25-momme-soft-shine-mulberry-silk-eye-mask-piped-wine\/","title":{"rendered":"25 Momme Soft Shine Maulbeerseiden-Augenmaske Piped Wine"},"content":{"rendered":"<p>Diese gepolsterte Schlafmaske aus 25 momme weich gl\u00e4nzender Seide kombiniert paspelierte Details mit einem weichen Glanz und einem atmungsaktiven Gef\u00fchl. Das weinrote Finish verleiht ihr einen raffinierten Look, w\u00e4hrend die Gr\u00f6\u00dfe One Size hilft, den Kernbedarf zu decken. Geeignet f\u00fcr Wellnessprogramme und Herbstgarderobe. Fleckenreinigung oder kalte Handw\u00e4sche.<\/p>","protected":false},"excerpt":{"rendered":"<p>25 Momme Soft Shine Seide gepolsterte Schlafmaske in Wein. Paspelierte Oberfl\u00e4che, thermoregulierendes Gef\u00fchl und Gr\u00f6\u00dfenbereich One Size. Entworfen f\u00fcr Spa-Programme.<\/p>","protected":false},"featured_media":2152,"template":"","meta":{"_gspb_post_css":""},"product_brand":[],"product_cat":[37],"product_tag":[417,411,439],"class_list":{"0":"post-714","1":"product","2":"type-product","3":"status-publish","4":"has-post-thumbnail","6":"product_cat-silk-eye-masks","7":"product_tag-25-momme-silk-eye-mask-wine","8":"product_tag-soft-shine-silk-eye-mask-piped","9":"product_tag-wholesale-silk-eye-mask-for-spa-programs","11":"first","12":"instock","13":"shipping-taxable","14":"purchasable","15":"product-type-simple"},"_links":{"self":[{"href":"https:\/\/silk-pajamas.com\/de\/wp-json\/wp\/v2\/product\/714","targetHints":{"allow":["GET"]}}],"collection":[{"href":"https:\/\/silk-pajamas.com\/de\/wp-json\/wp\/v2\/product"}],"about":[{"href":"https:\/\/silk-pajamas.com\/de\/wp-json\/wp\/v2\/types\/product"}],"wp:featuredmedia":[{"embeddable":true,"href":"https:\/\/silk-pajamas.com\/de\/wp-json\/wp\/v2\/media\/2152"}],"wp:attachment":[{"href":"https:\/\/silk-pajamas.com\/de\/wp-json\/wp\/v2\/media?parent=714"}],"wp:term":[{"taxonomy":"product_brand","embeddable":true,"href":"https:\/\/silk-pajamas.com\/de\/wp-json\/wp\/v2\/product_brand?post=714"},{"taxonomy":"product_cat","embeddable":true,"href":"https:\/\/silk-pajamas.com\/de\/wp-json\/wp\/v2\/product_cat?post=714"},{"taxonomy":"product_tag","embeddable":true,"href":"https:\/\/silk-pajamas.com\/de\/wp-json\/wp\/v2\/product_tag?post=714"}],"curies":[{"name":"wp","href":"https:\/\/api.w.org\/{rel}","templated":true}]}}