{"id":716,"date":"2026-04-12T15:43:22","date_gmt":"2026-04-12T15:43:22","guid":{"rendered":"https:\/\/silk-pajamas.com\/19-momme-mulberry-silk-hair-towel-wrap-long-hair-sky-blue\/"},"modified":"2026-05-08T06:53:58","modified_gmt":"2026-05-08T06:53:58","slug":"19-momme-mulberry-silk-hair-towel-wrap-long-hair-sky-blue","status":"publish","type":"product","link":"https:\/\/silk-pajamas.com\/de\/19-momme-mulberry-silk-hair-towel-wrap-long-hair-sky-blue\/","title":{"rendered":"19 Momme Maulbeerseiden-Haartuch Wickeltuch Langes Haar Himmelblau"},"content":{"rendered":"<p>Dieses Haartuch ist aus 19 momme Maulbeerseide in einem himmelblauen Farbton gefertigt. Es zeichnet sich durch langes Haar, ein weiches Handgef\u00fchl und einen angenehmen Fall f\u00fcr die t\u00e4gliche Haarpflege aus. Der Stil unterst\u00fctzt die Gr\u00f6\u00dfe One Size und eignet sich gut f\u00fcr den Sommer, zum Verschenken und f\u00fcr den t\u00e4glichen Komfort. Kalt von Hand waschen und an der Leine trocknen.<\/p>","protected":false},"excerpt":{"rendered":"<p>19 Momme Mulberry Seiden-Haarwickeltuch in Sky Blue. Long Hair Finish, thermoregulierendes Gef\u00fchl und Gr\u00f6\u00dfenauswahl One Size. Entworfen f\u00fcr die t\u00e4gliche Haarpflege.<\/p>","protected":false},"featured_media":2086,"template":"","meta":{"_gspb_post_css":""},"product_brand":[],"product_cat":[38],"product_tag":[442,444,443],"class_list":{"0":"post-716","1":"product","2":"type-product","3":"status-publish","4":"has-post-thumbnail","6":"product_cat-silk-hair-towel-wrap","7":"product_tag-19-momme-silk-hair-towel-wrap-sky-blue","8":"product_tag-manufacturer-silk-hair-towel-wrap-for-daily-hair-care","9":"product_tag-mulberry-silk-hair-towel-wrap-long-hair","11":"first","12":"instock","13":"featured","14":"shipping-taxable","15":"purchasable","16":"product-type-simple"},"_links":{"self":[{"href":"https:\/\/silk-pajamas.com\/de\/wp-json\/wp\/v2\/product\/716","targetHints":{"allow":["GET"]}}],"collection":[{"href":"https:\/\/silk-pajamas.com\/de\/wp-json\/wp\/v2\/product"}],"about":[{"href":"https:\/\/silk-pajamas.com\/de\/wp-json\/wp\/v2\/types\/product"}],"wp:featuredmedia":[{"embeddable":true,"href":"https:\/\/silk-pajamas.com\/de\/wp-json\/wp\/v2\/media\/2086"}],"wp:attachment":[{"href":"https:\/\/silk-pajamas.com\/de\/wp-json\/wp\/v2\/media?parent=716"}],"wp:term":[{"taxonomy":"product_brand","embeddable":true,"href":"https:\/\/silk-pajamas.com\/de\/wp-json\/wp\/v2\/product_brand?post=716"},{"taxonomy":"product_cat","embeddable":true,"href":"https:\/\/silk-pajamas.com\/de\/wp-json\/wp\/v2\/product_cat?post=716"},{"taxonomy":"product_tag","embeddable":true,"href":"https:\/\/silk-pajamas.com\/de\/wp-json\/wp\/v2\/product_tag?post=716"}],"curies":[{"name":"wp","href":"https:\/\/api.w.org\/{rel}","templated":true}]}}