{"id":717,"date":"2026-04-12T15:43:22","date_gmt":"2026-04-12T15:43:22","guid":{"rendered":"https:\/\/silk-pajamas.com\/22-momme-soft-shine-silk-hair-towel-wrap-twist-front-lilac\/"},"modified":"2026-05-08T06:54:28","modified_gmt":"2026-05-08T06:54:28","slug":"22-momme-soft-shine-silk-hair-towel-wrap-twist-front-lilac","status":"publish","type":"product","link":"https:\/\/silk-pajamas.com\/de\/22-momme-soft-shine-silk-hair-towel-wrap-twist-front-lilac\/","title":{"rendered":"22 Momme Soft Shine Seidenhaar-Handtuch Wrap Front Twist lila"},"content":{"rendered":"<p>Dieses Haartuch aus 22 momme weicher, gl\u00e4nzender Seide kombiniert ein Twist-Front-Detail mit einem weichen Glanz und einem atmungsaktiven Gef\u00fchl. Das fliederfarbene Finish verleiht ihm einen raffinierten Look, w\u00e4hrend die Gr\u00f6\u00dfe One Size den Kernbedarf abdeckt. Geeignet f\u00fcr die Reise und die ganze Saison. Kalt von Hand waschen und an der Leine trocknen.<\/p>","protected":false},"excerpt":{"rendered":"<p>22 Momme Soft Shine Seiden-Haarwickeltuch in Flieder. Twist-Front-Finish, weicher Faltenwurf und Gr\u00f6\u00dfenbereich One Size. Konzipiert f\u00fcr den Einsatz auf Reisen.<\/p>","protected":false},"featured_media":2111,"template":"","meta":{"_gspb_post_css":""},"product_brand":[],"product_cat":[38],"product_tag":[445,446,447],"class_list":{"0":"post-717","1":"product","2":"type-product","3":"status-publish","4":"has-post-thumbnail","6":"product_cat-silk-hair-towel-wrap","7":"product_tag-22-momme-silk-hair-towel-wrap-lilac","8":"product_tag-soft-shine-silk-hair-towel-wrap-twist-front","9":"product_tag-supplier-silk-hair-towel-wrap-for-travel-use","11":"first","12":"instock","13":"shipping-taxable","14":"purchasable","15":"product-type-simple"},"_links":{"self":[{"href":"https:\/\/silk-pajamas.com\/de\/wp-json\/wp\/v2\/product\/717","targetHints":{"allow":["GET"]}}],"collection":[{"href":"https:\/\/silk-pajamas.com\/de\/wp-json\/wp\/v2\/product"}],"about":[{"href":"https:\/\/silk-pajamas.com\/de\/wp-json\/wp\/v2\/types\/product"}],"wp:featuredmedia":[{"embeddable":true,"href":"https:\/\/silk-pajamas.com\/de\/wp-json\/wp\/v2\/media\/2111"}],"wp:attachment":[{"href":"https:\/\/silk-pajamas.com\/de\/wp-json\/wp\/v2\/media?parent=717"}],"wp:term":[{"taxonomy":"product_brand","embeddable":true,"href":"https:\/\/silk-pajamas.com\/de\/wp-json\/wp\/v2\/product_brand?post=717"},{"taxonomy":"product_cat","embeddable":true,"href":"https:\/\/silk-pajamas.com\/de\/wp-json\/wp\/v2\/product_cat?post=717"},{"taxonomy":"product_tag","embeddable":true,"href":"https:\/\/silk-pajamas.com\/de\/wp-json\/wp\/v2\/product_tag?post=717"}],"curies":[{"name":"wp","href":"https:\/\/api.w.org\/{rel}","templated":true}]}}