{"id":718,"date":"2026-04-12T15:43:22","date_gmt":"2026-04-12T15:43:22","guid":{"rendered":"https:\/\/silk-pajamas.com\/19-momme-double-layer-silk-hair-wrap-button-loop-floral\/"},"modified":"2026-05-08T06:54:58","modified_gmt":"2026-05-08T06:54:58","slug":"19-momme-double-layer-silk-hair-wrap-button-loop-floral","status":"publish","type":"product","link":"https:\/\/silk-pajamas.com\/de\/19-momme-double-layer-silk-hair-wrap-button-loop-floral\/","title":{"rendered":"19 Momme Double Layer Silk Hair Wrap Button Loop Floral"},"content":{"rendered":"<p>Dieses Haartuch ist aus 19 momme doppellagiger Seide in einem Blumenton gefertigt. Es verf\u00fcgt \u00fcber eine Knopfschlaufe, ein weiches Handgef\u00fchl und einen bequemen Faltenwurf f\u00fcr die Pflege von langem Haar. Der Stil unterst\u00fctzt die Gr\u00f6\u00dfe One Size und eignet sich gut f\u00fcr die ganze Saison tragen, Geschenk-und t\u00e4glichen Komfort. Kalt von Hand waschen und an der Leine trocknen.<\/p>","protected":false},"excerpt":{"rendered":"<p>19 Momme Double Layer Seiden-Haarwickeltuch in Floral. Mit Knopfleiste, weichem Faltenwurf und Einheitsgr\u00f6\u00dfe. Entworfen f\u00fcr die Pflege von langem Haar.<\/p>","protected":false},"featured_media":2066,"template":"","meta":{"_gspb_post_css":""},"product_brand":[],"product_cat":[38],"product_tag":[448,449,450],"class_list":{"0":"post-718","1":"product","2":"type-product","3":"status-publish","4":"has-post-thumbnail","6":"product_cat-silk-hair-towel-wrap","7":"product_tag-19-momme-silk-hair-towel-wrap-floral","8":"product_tag-double-layer-silk-hair-towel-wrap-button-loop","9":"product_tag-wholesale-silk-hair-towel-wrap-for-long-hair-care","11":"first","12":"instock","13":"shipping-taxable","14":"purchasable","15":"product-type-simple"},"_links":{"self":[{"href":"https:\/\/silk-pajamas.com\/de\/wp-json\/wp\/v2\/product\/718","targetHints":{"allow":["GET"]}}],"collection":[{"href":"https:\/\/silk-pajamas.com\/de\/wp-json\/wp\/v2\/product"}],"about":[{"href":"https:\/\/silk-pajamas.com\/de\/wp-json\/wp\/v2\/types\/product"}],"wp:featuredmedia":[{"embeddable":true,"href":"https:\/\/silk-pajamas.com\/de\/wp-json\/wp\/v2\/media\/2066"}],"wp:attachment":[{"href":"https:\/\/silk-pajamas.com\/de\/wp-json\/wp\/v2\/media?parent=718"}],"wp:term":[{"taxonomy":"product_brand","embeddable":true,"href":"https:\/\/silk-pajamas.com\/de\/wp-json\/wp\/v2\/product_brand?post=718"},{"taxonomy":"product_cat","embeddable":true,"href":"https:\/\/silk-pajamas.com\/de\/wp-json\/wp\/v2\/product_cat?post=718"},{"taxonomy":"product_tag","embeddable":true,"href":"https:\/\/silk-pajamas.com\/de\/wp-json\/wp\/v2\/product_tag?post=718"}],"curies":[{"name":"wp","href":"https:\/\/api.w.org\/{rel}","templated":true}]}}