{"id":719,"date":"2026-04-12T15:43:22","date_gmt":"2026-04-12T15:43:22","guid":{"rendered":"https:\/\/silk-pajamas.com\/22-momme-double-layer-silk-hair-wrap-quick-dry-floral\/"},"modified":"2026-05-08T06:55:38","modified_gmt":"2026-05-08T06:55:38","slug":"22-momme-double-layer-silk-hair-wrap-quick-dry-floral","status":"publish","type":"product","link":"https:\/\/silk-pajamas.com\/de\/22-momme-double-layer-silk-hair-wrap-quick-dry-floral\/","title":{"rendered":"22 Momme Double Layer Silk Hair Wrap Quick Dry Floral"},"content":{"rendered":"<p>Dieses Haartuch ist aus 22 momme doppellagiger Seide in einem Blumenton gefertigt. Es ist schnell trocknend, f\u00fchlt sich weich an und l\u00e4sst sich auch auf Reisen bequem tragen. Der Stil unterst\u00fctzt Gr\u00f6\u00dfen One Size und eignet sich gut f\u00fcr den Fr\u00fchling tragen, Geschenk-und t\u00e4glichen Komfort. Kalt von Hand waschen und an der Leine trocknen.<\/p>","protected":false},"excerpt":{"rendered":"<p>22 Momme Double Layer Seide Haar wickeln Handtuch in Floral. Schnell trocknend, mit weichem Griff und in Einheitsgr\u00f6\u00dfe. F\u00fcr die Reise geeignet.<\/p>","protected":false},"featured_media":2038,"template":"","meta":{"_gspb_post_css":""},"product_brand":[],"product_cat":[38],"product_tag":[451,452,453],"class_list":{"0":"post-719","1":"product","2":"type-product","3":"status-publish","4":"has-post-thumbnail","6":"product_cat-silk-hair-towel-wrap","7":"product_tag-22-momme-silk-hair-towel-wrap-floral","8":"product_tag-double-layer-silk-hair-towel-wrap-quick-dry","9":"product_tag-factory-silk-hair-towel-wrap-for-travel-use","11":"first","12":"instock","13":"shipping-taxable","14":"purchasable","15":"product-type-simple"},"_links":{"self":[{"href":"https:\/\/silk-pajamas.com\/de\/wp-json\/wp\/v2\/product\/719","targetHints":{"allow":["GET"]}}],"collection":[{"href":"https:\/\/silk-pajamas.com\/de\/wp-json\/wp\/v2\/product"}],"about":[{"href":"https:\/\/silk-pajamas.com\/de\/wp-json\/wp\/v2\/types\/product"}],"wp:featuredmedia":[{"embeddable":true,"href":"https:\/\/silk-pajamas.com\/de\/wp-json\/wp\/v2\/media\/2038"}],"wp:attachment":[{"href":"https:\/\/silk-pajamas.com\/de\/wp-json\/wp\/v2\/media?parent=719"}],"wp:term":[{"taxonomy":"product_brand","embeddable":true,"href":"https:\/\/silk-pajamas.com\/de\/wp-json\/wp\/v2\/product_brand?post=719"},{"taxonomy":"product_cat","embeddable":true,"href":"https:\/\/silk-pajamas.com\/de\/wp-json\/wp\/v2\/product_cat?post=719"},{"taxonomy":"product_tag","embeddable":true,"href":"https:\/\/silk-pajamas.com\/de\/wp-json\/wp\/v2\/product_tag?post=719"}],"curies":[{"name":"wp","href":"https:\/\/api.w.org\/{rel}","templated":true}]}}