{"id":720,"date":"2026-04-12T15:43:22","date_gmt":"2026-04-12T15:43:22","guid":{"rendered":"https:\/\/silk-pajamas.com\/25-momme-double-layer-silk-hair-wrap-double-layer-lilac\/"},"modified":"2026-05-08T06:56:09","modified_gmt":"2026-05-08T06:56:09","slug":"25-momme-double-layer-silk-hair-wrap-double-layer-lilac","status":"publish","type":"product","link":"https:\/\/silk-pajamas.com\/de\/25-momme-double-layer-silk-hair-wrap-double-layer-lilac\/","title":{"rendered":"25 Momme Double Layer Silk Hair Wrap Double Layer Lilac"},"content":{"rendered":"<p>Dieses Haarwickeltuch ist aus 25 momme doppellagiger Seide in einem Fliederton gefertigt. Es ist doppellagig, f\u00fchlt sich geschmeidig an und bietet einen angenehmen Fall f\u00fcr die t\u00e4gliche Haarpflege. Der Stil unterst\u00fctzt die Gr\u00f6\u00dfe One Size und eignet sich gut f\u00fcr den Fr\u00fchling, zum Verschenken und f\u00fcr den t\u00e4glichen Komfort. Kalt von Hand waschen und an der Leine trocknen.<\/p>","protected":false},"excerpt":{"rendered":"<p>25 Momme Double Layer Seiden-Haarwickelhandtuch in Flieder. Doppellagiges Finish, knitterfreies Gef\u00fchl und Gr\u00f6\u00dfenauswahl One Size. Entworfen f\u00fcr die t\u00e4gliche Haarpflege.<\/p>","protected":false},"featured_media":2110,"template":"","meta":{"_gspb_post_css":""},"product_brand":[],"product_cat":[38],"product_tag":[454,455,456],"class_list":{"0":"post-720","1":"product","2":"type-product","3":"status-publish","4":"has-post-thumbnail","6":"product_cat-silk-hair-towel-wrap","7":"product_tag-25-momme-silk-hair-towel-wrap-lilac","8":"product_tag-double-layer-silk-hair-towel-wrap-double-layer","9":"product_tag-vendor-silk-hair-towel-wrap-for-daily-hair-care","11":"first","12":"instock","13":"shipping-taxable","14":"purchasable","15":"product-type-simple"},"_links":{"self":[{"href":"https:\/\/silk-pajamas.com\/de\/wp-json\/wp\/v2\/product\/720","targetHints":{"allow":["GET"]}}],"collection":[{"href":"https:\/\/silk-pajamas.com\/de\/wp-json\/wp\/v2\/product"}],"about":[{"href":"https:\/\/silk-pajamas.com\/de\/wp-json\/wp\/v2\/types\/product"}],"wp:featuredmedia":[{"embeddable":true,"href":"https:\/\/silk-pajamas.com\/de\/wp-json\/wp\/v2\/media\/2110"}],"wp:attachment":[{"href":"https:\/\/silk-pajamas.com\/de\/wp-json\/wp\/v2\/media?parent=720"}],"wp:term":[{"taxonomy":"product_brand","embeddable":true,"href":"https:\/\/silk-pajamas.com\/de\/wp-json\/wp\/v2\/product_brand?post=720"},{"taxonomy":"product_cat","embeddable":true,"href":"https:\/\/silk-pajamas.com\/de\/wp-json\/wp\/v2\/product_cat?post=720"},{"taxonomy":"product_tag","embeddable":true,"href":"https:\/\/silk-pajamas.com\/de\/wp-json\/wp\/v2\/product_tag?post=720"}],"curies":[{"name":"wp","href":"https:\/\/api.w.org\/{rel}","templated":true}]}}