{"id":721,"date":"2026-04-12T15:43:22","date_gmt":"2026-04-12T15:43:22","guid":{"rendered":"https:\/\/silk-pajamas.com\/25-momme-double-layer-silk-hair-wrap-quick-dry-navy-supplier\/"},"modified":"2026-05-08T06:56:33","modified_gmt":"2026-05-08T06:56:33","slug":"25-momme-double-layer-silk-hair-wrap-quick-dry-navy-supplier","status":"publish","type":"product","link":"https:\/\/silk-pajamas.com\/de\/25-momme-double-layer-silk-hair-wrap-quick-dry-navy-supplier\/","title":{"rendered":"25 Momme Double Layer Silk Hair Wrap Quick Dry Navy Lieferant"},"content":{"rendered":"<p>Dieses Haartuch ist aus 25 momme doppellagiger Seide in einem navyfarbenen Ton gefertigt. Es ist schnell trocknend, f\u00fchlt sich weich an und hat einen angenehmen Fall f\u00fcr lockiges Haar. Der Stil unterst\u00fctzt die Gr\u00f6\u00dfe One Size und eignet sich gut f\u00fcr den Sommer, als Geschenk und f\u00fcr den t\u00e4glichen Komfort. Kalt von Hand waschen und an der Leine trocknen.<\/p>","protected":false},"excerpt":{"rendered":"<p>25 Momme Double Layer Seiden-Haarwickelhandtuch in Navy. Schnell trocknende Oberfl\u00e4che, thermoregulierendes Gef\u00fchl und Gr\u00f6\u00dfenbereich One Size. Entworfen f\u00fcr die Pflege von lockigem Haar.<\/p>","protected":false},"featured_media":2134,"template":"","meta":{"_gspb_post_css":""},"product_brand":[],"product_cat":[38],"product_tag":[457,452,458],"class_list":{"0":"post-721","1":"product","2":"type-product","3":"status-publish","4":"has-post-thumbnail","6":"product_cat-silk-hair-towel-wrap","7":"product_tag-25-momme-silk-hair-towel-wrap-navy","8":"product_tag-double-layer-silk-hair-towel-wrap-quick-dry","9":"product_tag-vendor-silk-hair-towel-wrap-for-curly-hair-care","11":"first","12":"instock","13":"featured","14":"shipping-taxable","15":"purchasable","16":"product-type-simple"},"_links":{"self":[{"href":"https:\/\/silk-pajamas.com\/de\/wp-json\/wp\/v2\/product\/721","targetHints":{"allow":["GET"]}}],"collection":[{"href":"https:\/\/silk-pajamas.com\/de\/wp-json\/wp\/v2\/product"}],"about":[{"href":"https:\/\/silk-pajamas.com\/de\/wp-json\/wp\/v2\/types\/product"}],"wp:featuredmedia":[{"embeddable":true,"href":"https:\/\/silk-pajamas.com\/de\/wp-json\/wp\/v2\/media\/2134"}],"wp:attachment":[{"href":"https:\/\/silk-pajamas.com\/de\/wp-json\/wp\/v2\/media?parent=721"}],"wp:term":[{"taxonomy":"product_brand","embeddable":true,"href":"https:\/\/silk-pajamas.com\/de\/wp-json\/wp\/v2\/product_brand?post=721"},{"taxonomy":"product_cat","embeddable":true,"href":"https:\/\/silk-pajamas.com\/de\/wp-json\/wp\/v2\/product_cat?post=721"},{"taxonomy":"product_tag","embeddable":true,"href":"https:\/\/silk-pajamas.com\/de\/wp-json\/wp\/v2\/product_tag?post=721"}],"curies":[{"name":"wp","href":"https:\/\/api.w.org\/{rel}","templated":true}]}}