{"id":722,"date":"2026-04-12T15:43:22","date_gmt":"2026-04-12T15:43:22","guid":{"rendered":"https:\/\/silk-pajamas.com\/25-momme-soft-shine-silk-hair-wrap-double-layer-pearl\/"},"modified":"2026-05-08T06:56:55","modified_gmt":"2026-05-08T06:56:55","slug":"25-momme-soft-shine-silk-hair-wrap-double-layer-pearl","status":"publish","type":"product","link":"https:\/\/silk-pajamas.com\/de\/25-momme-soft-shine-silk-hair-wrap-double-layer-pearl\/","title":{"rendered":"25 Momme Soft Shine Silk Hair Wrap Double Layer Pearl"},"content":{"rendered":"<p>Das aus 25 momme weicher, gl\u00e4nzender Seide gefertigte Haarwickeltuch bietet ein leichtes, sanftes Hautgef\u00fchl und elegante Bewegung. Die doppellagige Konstruktion und die Perlenfarbe sorgen f\u00fcr einen gl\u00e4nzenden Look bei der Pflege von lockigem Haar. Erh\u00e4ltlich in Einheitsgr\u00f6\u00dfe. Kalt von Hand waschen und an der Leine trocknen.<\/p>","protected":false},"excerpt":{"rendered":"<p>25 Momme Soft Shine Seiden-Haarwickelhandtuch in Pearl. Doppellagiges Finish, leichtes Gef\u00fchl und Einheitsgr\u00f6\u00dfe. Entwickelt f\u00fcr die Pflege von lockigem Haar.<\/p>","protected":false},"featured_media":2126,"template":"","meta":{"_gspb_post_css":""},"product_brand":[],"product_cat":[38],"product_tag":[459,460,461],"class_list":{"0":"post-722","1":"product","2":"type-product","3":"status-publish","4":"has-post-thumbnail","6":"product_cat-silk-hair-towel-wrap","7":"product_tag-25-momme-silk-hair-towel-wrap-pearl","8":"product_tag-soft-shine-silk-hair-towel-wrap-double-layer","9":"product_tag-supplier-silk-hair-towel-wrap-for-curly-hair-care","11":"first","12":"instock","13":"shipping-taxable","14":"purchasable","15":"product-type-simple"},"_links":{"self":[{"href":"https:\/\/silk-pajamas.com\/de\/wp-json\/wp\/v2\/product\/722","targetHints":{"allow":["GET"]}}],"collection":[{"href":"https:\/\/silk-pajamas.com\/de\/wp-json\/wp\/v2\/product"}],"about":[{"href":"https:\/\/silk-pajamas.com\/de\/wp-json\/wp\/v2\/types\/product"}],"wp:featuredmedia":[{"embeddable":true,"href":"https:\/\/silk-pajamas.com\/de\/wp-json\/wp\/v2\/media\/2126"}],"wp:attachment":[{"href":"https:\/\/silk-pajamas.com\/de\/wp-json\/wp\/v2\/media?parent=722"}],"wp:term":[{"taxonomy":"product_brand","embeddable":true,"href":"https:\/\/silk-pajamas.com\/de\/wp-json\/wp\/v2\/product_brand?post=722"},{"taxonomy":"product_cat","embeddable":true,"href":"https:\/\/silk-pajamas.com\/de\/wp-json\/wp\/v2\/product_cat?post=722"},{"taxonomy":"product_tag","embeddable":true,"href":"https:\/\/silk-pajamas.com\/de\/wp-json\/wp\/v2\/product_tag?post=722"}],"curies":[{"name":"wp","href":"https:\/\/api.w.org\/{rel}","templated":true}]}}