{"id":723,"date":"2026-04-12T15:43:22","date_gmt":"2026-04-12T15:43:22","guid":{"rendered":"https:\/\/silk-pajamas.com\/25-momme-soft-shine-silk-hair-towel-wrap-turban-floral\/"},"modified":"2026-05-08T06:59:03","modified_gmt":"2026-05-08T06:59:03","slug":"25-momme-soft-shine-silk-hair-towel-wrap-turban-floral","status":"publish","type":"product","link":"https:\/\/silk-pajamas.com\/de\/25-momme-soft-shine-silk-hair-towel-wrap-turban-floral\/","title":{"rendered":"25 Momme Soft Shine Seidenhaar Handtuch Wrap Turban Floral"},"content":{"rendered":"<p>Dieses Haarwickeltuch ist aus 25 momme weicher, gl\u00e4nzender Seide in einem floralen Farbton gefertigt. Es verf\u00fcgt \u00fcber einen Turban, ein glattes Handgef\u00fchl und einen bequemen Faltenwurf f\u00fcr lockiges Haar. Der Stil unterst\u00fctzt die Gr\u00f6\u00dfe One Size und eignet sich gut f\u00fcr Herbstkleidung, Geschenke und t\u00e4glichen Komfort. Kalt von Hand waschen und an der Leine trocknen.<\/p>","protected":false},"excerpt":{"rendered":"<p>25 Momme Soft Shine Seiden-Haarwickelhandtuch in Floral. Turban-Finish, thermoregulierendes Gef\u00fchl und Gr\u00f6\u00dfenbereich One Size. Entworfen f\u00fcr die Pflege von lockigem Haar.<\/p>","protected":false},"featured_media":2156,"template":"","meta":{"_gspb_post_css":""},"product_brand":[],"product_cat":[38],"product_tag":[462,464,463],"class_list":{"0":"post-723","1":"product","2":"type-product","3":"status-publish","4":"has-post-thumbnail","6":"product_cat-silk-hair-towel-wrap","7":"product_tag-25-momme-silk-hair-towel-wrap-floral","8":"product_tag-factory-silk-hair-towel-wrap-for-curly-hair-care","9":"product_tag-soft-shine-silk-hair-towel-wrap-turban","11":"first","12":"instock","13":"shipping-taxable","14":"purchasable","15":"product-type-simple"},"_links":{"self":[{"href":"https:\/\/silk-pajamas.com\/de\/wp-json\/wp\/v2\/product\/723","targetHints":{"allow":["GET"]}}],"collection":[{"href":"https:\/\/silk-pajamas.com\/de\/wp-json\/wp\/v2\/product"}],"about":[{"href":"https:\/\/silk-pajamas.com\/de\/wp-json\/wp\/v2\/types\/product"}],"wp:featuredmedia":[{"embeddable":true,"href":"https:\/\/silk-pajamas.com\/de\/wp-json\/wp\/v2\/media\/2156"}],"wp:attachment":[{"href":"https:\/\/silk-pajamas.com\/de\/wp-json\/wp\/v2\/media?parent=723"}],"wp:term":[{"taxonomy":"product_brand","embeddable":true,"href":"https:\/\/silk-pajamas.com\/de\/wp-json\/wp\/v2\/product_brand?post=723"},{"taxonomy":"product_cat","embeddable":true,"href":"https:\/\/silk-pajamas.com\/de\/wp-json\/wp\/v2\/product_cat?post=723"},{"taxonomy":"product_tag","embeddable":true,"href":"https:\/\/silk-pajamas.com\/de\/wp-json\/wp\/v2\/product_tag?post=723"}],"curies":[{"name":"wp","href":"https:\/\/api.w.org\/{rel}","templated":true}]}}