{"id":724,"date":"2026-04-12T15:43:23","date_gmt":"2026-04-12T15:43:23","guid":{"rendered":"https:\/\/silk-pajamas.com\/25-momme-double-layer-silk-hair-towel-wrap-one-size-floral\/"},"modified":"2026-05-08T06:11:21","modified_gmt":"2026-05-08T06:11:21","slug":"25-momme-double-layer-silk-hair-towel-wrap-one-size-floral","status":"publish","type":"product","link":"https:\/\/silk-pajamas.com\/de\/25-momme-double-layer-silk-hair-towel-wrap-one-size-floral\/","title":{"rendered":"25 Momme Double Layer Silk Hair Towel Wrap One Size Floral"},"content":{"rendered":"<p>Dieses Haartuch ist aus 25 momme doppellagiger Seide in einem Blumenton gefertigt. Es verf\u00fcgt \u00fcber eine gedrehte Vorderseite, ein weiches Handgef\u00fchl und einen angenehmen Fall f\u00fcr die Pflege von langem Haar. Der Stil unterst\u00fctzt die Gr\u00f6\u00dfe One Size und eignet sich gut f\u00fcr Sommerkleidung, Geschenke und t\u00e4glichen Komfort. Kalt von Hand waschen und an der Leine trocknen.<\/p>","protected":false},"excerpt":{"rendered":"<p>25 Momme Double Layer Seiden-Haarwickelhandtuch in Floral. Twist Front Finish, thermoregulierendes Gef\u00fchl und Gr\u00f6\u00dfenauswahl One Size. Entworfen f\u00fcr die Pflege von langem Haar.<\/p>","protected":false},"featured_media":2068,"template":"","meta":{"_gspb_post_css":""},"product_brand":[],"product_cat":[38],"product_tag":[462,465,466],"class_list":{"0":"post-724","1":"product","2":"type-product","3":"status-publish","4":"has-post-thumbnail","6":"product_cat-silk-hair-towel-wrap","7":"product_tag-25-momme-silk-hair-towel-wrap-floral","8":"product_tag-double-layer-silk-hair-towel-wrap-twist-front","9":"product_tag-manufacturer-silk-hair-towel-wrap-for-long-hair-care","11":"first","12":"instock","13":"shipping-taxable","14":"purchasable","15":"product-type-simple"},"_links":{"self":[{"href":"https:\/\/silk-pajamas.com\/de\/wp-json\/wp\/v2\/product\/724","targetHints":{"allow":["GET"]}}],"collection":[{"href":"https:\/\/silk-pajamas.com\/de\/wp-json\/wp\/v2\/product"}],"about":[{"href":"https:\/\/silk-pajamas.com\/de\/wp-json\/wp\/v2\/types\/product"}],"wp:featuredmedia":[{"embeddable":true,"href":"https:\/\/silk-pajamas.com\/de\/wp-json\/wp\/v2\/media\/2068"}],"wp:attachment":[{"href":"https:\/\/silk-pajamas.com\/de\/wp-json\/wp\/v2\/media?parent=724"}],"wp:term":[{"taxonomy":"product_brand","embeddable":true,"href":"https:\/\/silk-pajamas.com\/de\/wp-json\/wp\/v2\/product_brand?post=724"},{"taxonomy":"product_cat","embeddable":true,"href":"https:\/\/silk-pajamas.com\/de\/wp-json\/wp\/v2\/product_cat?post=724"},{"taxonomy":"product_tag","embeddable":true,"href":"https:\/\/silk-pajamas.com\/de\/wp-json\/wp\/v2\/product_tag?post=724"}],"curies":[{"name":"wp","href":"https:\/\/api.w.org\/{rel}","templated":true}]}}